{"id":917,"date":"2015-06-15T09:27:38","date_gmt":"2015-06-15T09:27:38","guid":{"rendered":"http:\/\/wydethemes.com\/flora2\/?page_id=8"},"modified":"2020-03-13T20:41:37","modified_gmt":"2020-03-13T23:41:37","slug":"desempenho-acustico","status":"publish","type":"page","link":"https:\/\/projetosacusticos.com.br\/fr\/desempenho-acustico\/","title":{"rendered":"Performance acoustique"},"content":{"rendered":"<div class=\"row w-full no-padding w-v-align w-middle\">\n<div class=\"col col-6 l-padding\"  style>\n    <div class=\"col-inner\"><div class=\"w-space\"  style=\"height:40px\"><\/div><div data-animation=\"fadeInUp\"  class=\"w-heading title-5 text-left w-animation\">\n     \n    <h2>Performance acoustique<\/h2>\n        <\/div><div data-animation=\"fadeInUp\"  class=\"w-text-block w-animation\">\n    <p>En 2006, en partenariat avec le gouvernement br\u00e9silien et l'UFRGS, Nabinger a particip\u00e9 \u00e0 l'\u00e9laboration de la norme de performance acoustique - NBR 15.575, pour les b\u00e2timents r\u00e9sidentiels, actuellement en vigueur dans tout le territoire national, fournissant les donn\u00e9es n\u00e9cessaires pour la mise en forme.<\/p>\n<\/div><div class=\"w-space\"  style=\"height:40px\"><\/div><\/div><\/div><div class=\"col col-6 no-padding text-center\"  style>\n    <div class=\"col-inner\"><div class=\"w-image text-center w-responsive\"  style>\n    <div style=\"background-image:url('https:\/\/projetosacusticos.com.br\/wp-content\/uploads\/2020\/03\/NBR.jpeg')\"><\/div>    <img decoding=\"async\" src=\"https:\/\/projetosacusticos.com.br\/wp-content\/uploads\/2020\/03\/NBR.jpeg\" alt=\"NBR\" \/>\n    <\/div>\n<\/div><\/div><\/div>\n<div class=\"row w-full no-padding w-v-align w-middle\">\n<div class=\"col col-6 no-padding text-center\"  style>\n    <div class=\"col-inner\"><div class=\"w-image text-center w-responsive\"  style>\n    <div style=\"background-image:url('https:\/\/projetosacusticos.com.br\/wp-content\/uploads\/2020\/02\/nine.jpeg')\"><\/div>    <img decoding=\"async\" src=\"https:\/\/projetosacusticos.com.br\/wp-content\/uploads\/2020\/02\/nine.jpeg\" alt=\"\" \/>\n    <\/div>\n<\/div><\/div><div class=\"col col-6 l-padding\"  style>\n    <div class=\"col-inner\"><div class=\"w-space\"  style=\"height:40px\"><\/div><div data-animation=\"fadeInUp\"  class=\"w-heading title-5 text-left w-animation\">\n     \n    <h2>Performance acoustique<\/h2>\n        <\/div><div data-animation=\"fadeInUp\"  class=\"w-text-block w-animation\">\n    <p>Nous \u00e9tions \u00e9galement les pr\u00e9curseurs dans l'application de cette norme avant son approbation (projets et travaux) dans des entreprises de construction renomm\u00e9es telles que: OAS, Rossi, Melnick, Chies, Pavei, Ivorizzo, entre autres, dont Nabinger signe aujourd'hui l'acoustique de l'Acoustique Projets de performance selon NBR 15.575.<\/p>\n<\/div><div class=\"w-space\"  style=\"height:40px\"><\/div><\/div><\/div><\/div>\n<div class=\"row vc_custom_1582258749735\"  style=\"background-color:#80d5d8\">\n<div class=\"col col-6\"  style>\n    <div class=\"col-inner\"><div class=\"w-text-block\">\n    <p><span style=\"color: #000000; font-size: 18px;\">Par NBR 15.575 <strong>crit\u00e8res et m\u00e9thodes d'\u00e9valuation des performances acoustiques<\/strong> de cinq syst\u00e8mes sont d\u00e9finis:<\/span><\/p>\n<ul>\n<li><span style=\"color: #000000; font-size: 18px;\">1 \u2013 \u00c9quipements et syst\u00e8mes hydrauliques\u00a0;<\/span><\/li>\n<li><span style=\"color: #000000; font-size: 18px;\">2 \u2013 Dalles entre \u00e9tages ;<\/span><\/li>\n<li><span style=\"color: #000000; font-size: 18px;\">3 \u2013 Murs int\u00e9rieurs ;<\/span><\/li>\n<li><span style=\"color: #000000; font-size: 18px;\">4 \u2013 Murs ext\u00e9rieurs ;<\/span><\/li>\n<li><span style=\"color: #000000; font-size: 18px;\">5 \u2013 Couvertures.<\/span><\/li>\n<\/ul>\n<\/div><\/div><\/div><div class=\"col col-6\"  style>\n    <div class=\"col-inner\"><div class=\"w-text-block\">\n    <p><span style=\"color: #000000; font-size: 18px;\">NBR 15.575 d\u00e9finit 3 (trois) niveaux de param\u00e8tres de performance :<\/span><\/p>\n<ul>\n<li><span style=\"color: #000000; font-size: 18px;\">1 \u2013 Minimale\u00a0;<\/span><\/li>\n<li><span style=\"color: #000000; font-size: 18px;\">2 \u2013 Interm\u00e9diaire ;<\/span><\/li>\n<li><span style=\"color: #000000; font-size: 18px;\">3 \u2013 Sup\u00e9rieur.<\/span><\/li>\n<\/ul>\n<p><span style=\"color: #000000; font-size: 18px;\">La limite de performance \u00ab minimale \u00bb doit \u00eatre respect\u00e9e par tout b\u00e2timent, quel que soit le nombre d'\u00e9tages.<\/span><\/p>\n<\/div><\/div><\/div><\/div>","protected":false},"excerpt":{"rendered":"Desempenho Ac\u00fastico No ano de 2006, em parceria com o governo Brasileiro e a UFRGS, a Nabinger participou da elabora\u00e7\u00e3o da norma de DESEMPENHO AC\u00daSTICO - NBR 15.575, para edifica\u00e7\u00f5es de cunho residencial, hoje vigente em todo o territ\u00f3rio Nacional, fornecendo os dados necess\u00e1rios para a formata\u00e7\u00e3o da mesma. Desempenho Ac\u00fastico Tamb\u00e9m fomos os precursores [...]","protected":false},"author":1,"featured_media":0,"parent":0,"menu_order":0,"comment_status":"closed","ping_status":"open","template":"","meta":{"footnotes":""},"_links":{"self":[{"href":"https:\/\/projetosacusticos.com.br\/fr\/wp-json\/wp\/v2\/pages\/917"}],"collection":[{"href":"https:\/\/projetosacusticos.com.br\/fr\/wp-json\/wp\/v2\/pages"}],"about":[{"href":"https:\/\/projetosacusticos.com.br\/fr\/wp-json\/wp\/v2\/types\/page"}],"author":[{"embeddable":true,"href":"https:\/\/projetosacusticos.com.br\/fr\/wp-json\/wp\/v2\/users\/1"}],"replies":[{"embeddable":true,"href":"https:\/\/projetosacusticos.com.br\/fr\/wp-json\/wp\/v2\/comments?post=917"}],"version-history":[{"count":36,"href":"https:\/\/projetosacusticos.com.br\/fr\/wp-json\/wp\/v2\/pages\/917\/revisions"}],"predecessor-version":[{"id":2657,"href":"https:\/\/projetosacusticos.com.br\/fr\/wp-json\/wp\/v2\/pages\/917\/revisions\/2657"}],"wp:attachment":[{"href":"https:\/\/projetosacusticos.com.br\/fr\/wp-json\/wp\/v2\/media?parent=917"}],"curies":[{"name":"wp","href":"https:\/\/api.w.org\/{rel}","templated":true}]}}