{"id":86,"date":"2015-06-15T10:46:00","date_gmt":"2015-06-15T10:46:00","guid":{"rendered":"http:\/\/wydethemes.com\/flora2\/?page_id=86"},"modified":"2020-01-23T11:45:31","modified_gmt":"2020-01-23T14:45:31","slug":"portfolio","status":"publish","type":"page","link":"https:\/\/projetosacusticos.com.br\/fr\/portfolio\/","title":{"rendered":"Portfolio"},"content":{"rendered":"<div class=\"row w-full vc_custom_1579730108192\"  style=\"background-color:#ffffff\">\n<div class=\"col col-12\"  style>\n    <div class=\"col-inner\"><div class=\"w-heading title-5\">\n     \n    <h2>PORTEFEUILLE<\/h2>\n         \n    <span class=\"sub-title\"><p>D\u00e9couvrez une partie de notre travail<\/p>\n<\/span>\n    <\/div><div class=\"w-space\"  style=\"height:30px\"><\/div><div class=\"w-portfolio-grid w-grid-space grid-4-cols w-scrollmore\">\n        <ul class=\"w-view w-effect-flora-1 clear\">\n            <li class=\"w-item col-3\">\n            <figure>\n    <img decoding=\"async\" class=\"cover-image\" src=\"https:\/\/projetosacusticos.com.br\/wp-content\/uploads\/2020\/02\/tecna1-1-640x600.jpg\" alt=\"Tecnapuc\" \/>    \n    <figcaption>\n        <h3>Tecnapuc<\/h3>\n                <p><\/p>        \n        <a href=\"https:\/\/projetosacusticos.com.br\/fr\/portfolio-item\/tecnapuc\/\"><\/a>\n        <span>\n                    <a href=\"https:\/\/projetosacusticos.com.br\/wp-content\/uploads\/2020\/02\/tecna1-1.jpg\" data-rel=\"prettyPhoto[portfolio]\" title=\"Tecnapuc\"><\/a>\n                <\/span>\n    <\/figcaption>\n<\/figure>        <\/li>\n            <li class=\"w-item col-3\">\n            <figure>\n    <img decoding=\"async\" class=\"cover-image\" src=\"https:\/\/projetosacusticos.com.br\/wp-content\/uploads\/2015\/05\/arena1-1-640x600.jpg\" alt=\"Arena do Gr\u00eamio\" \/>    \n    <figcaption>\n        <h3>Arena do Gr\u00eamio<\/h3>\n                <p><\/p>        \n        <a href=\"https:\/\/projetosacusticos.com.br\/fr\/portfolio-item\/arena-do-gremio\/\"><\/a>\n        <span>\n                    <a href=\"https:\/\/projetosacusticos.com.br\/wp-content\/uploads\/2015\/05\/arena1-1.jpg\" data-rel=\"prettyPhoto[portfolio]\" title=\"Arena do Gr\u00eamio\"><\/a>\n                <\/span>\n    <\/figcaption>\n<\/figure>        <\/li>\n            <li class=\"w-item col-3\">\n            <figure>\n    <img decoding=\"async\" class=\"cover-image\" src=\"https:\/\/projetosacusticos.com.br\/wp-content\/uploads\/2020\/02\/zaffari1-1-640x600.jpg\" alt=\"Zaffari &#038; Bourbon\" \/>    \n    <figcaption>\n        <h3>Zaffari &#038; Bourbon<\/h3>\n                <p><\/p>        \n        <a href=\"https:\/\/projetosacusticos.com.br\/fr\/portfolio-item\/zaffari-bourbon\/\"><\/a>\n        <span>\n                    <a href=\"https:\/\/projetosacusticos.com.br\/wp-content\/uploads\/2020\/02\/zaffari1-1.jpg\" data-rel=\"prettyPhoto[portfolio]\" title=\"Zaffari &#038; Bourbon\"><\/a>\n                <\/span>\n    <\/figcaption>\n<\/figure>        <\/li>\n            <li class=\"w-item col-3\">\n            <figure>\n    <img decoding=\"async\" class=\"cover-image\" src=\"https:\/\/projetosacusticos.com.br\/wp-content\/uploads\/2020\/01\/uniritter2-1-640x600.jpg\" alt=\"Uniritter\" \/>    \n    <figcaption>\n        <h3>Uniritter<\/h3>\n                <p><\/p>        \n        <a href=\"https:\/\/projetosacusticos.com.br\/fr\/portfolio-item\/uniritter\/\"><\/a>\n        <span>\n                    <a href=\"https:\/\/projetosacusticos.com.br\/wp-content\/uploads\/2020\/01\/uniritter2-1.jpg\" data-rel=\"prettyPhoto[portfolio]\" title=\"Uniritter\"><\/a>\n                <\/span>\n    <\/figcaption>\n<\/figure>        <\/li>\n            <li class=\"w-item col-3\">\n            <figure>\n    <img decoding=\"async\" class=\"cover-image\" src=\"https:\/\/projetosacusticos.com.br\/wp-content\/uploads\/2020\/02\/even1-1-640x600.jpg\" alt=\"Melnick Even &#8211; NINE &#8211; NBR 15.575 &#8211; DESEMPENHO AC\u00daSTICO\" \/>    \n    <figcaption>\n        <h3>Melnick Even \u2013 NINE \u2013 NBR 15.575 \u2013 Performance acoustique<\/h3>\n                <p><\/p>        \n        <a href=\"https:\/\/projetosacusticos.com.br\/fr\/portfolio-item\/melnick-even\/\"><\/a>\n        <span>\n                    <a href=\"https:\/\/projetosacusticos.com.br\/wp-content\/uploads\/2020\/02\/even1-1.jpg\" data-rel=\"prettyPhoto[portfolio]\" title=\"Melnick Even &#8211; NINE &#8211; NBR 15.575 &#8211; DESEMPENHO AC\u00daSTICO\"><\/a>\n                <\/span>\n    <\/figcaption>\n<\/figure>        <\/li>\n            <li class=\"w-item col-3\">\n            <figure>\n    <img decoding=\"async\" class=\"cover-image\" src=\"https:\/\/projetosacusticos.com.br\/wp-content\/uploads\/2020\/02\/stemac1-1-640x600.jpg\" alt=\"Stemac\" \/>    \n    <figcaption>\n        <h3>Stemac<\/h3>\n                <p><\/p>        \n        <a href=\"https:\/\/projetosacusticos.com.br\/fr\/portfolio-item\/stemac\/\"><\/a>\n        <span>\n                    <a href=\"https:\/\/projetosacusticos.com.br\/wp-content\/uploads\/2020\/02\/stemac1-1.jpg\" data-rel=\"prettyPhoto[portfolio]\" title=\"Stemac\"><\/a>\n                <\/span>\n    <\/figcaption>\n<\/figure>        <\/li>\n            <li class=\"w-item col-3\">\n            <figure>\n    <img decoding=\"async\" class=\"cover-image\" src=\"https:\/\/projetosacusticos.com.br\/wp-content\/uploads\/2020\/02\/gerdau1-1-640x600.jpg\" alt=\"Gerdau\" \/>    \n    <figcaption>\n        <h3>Gerdau<\/h3>\n                <p><\/p>        \n        <a href=\"https:\/\/projetosacusticos.com.br\/fr\/portfolio-item\/gerdau\/\"><\/a>\n        <span>\n                    <a href=\"https:\/\/projetosacusticos.com.br\/wp-content\/uploads\/2020\/02\/gerdau1-1.jpg\" data-rel=\"prettyPhoto[portfolio]\" title=\"Gerdau\"><\/a>\n                <\/span>\n    <\/figcaption>\n<\/figure>        <\/li>\n            <li class=\"w-item col-3\">\n            <figure>\n    <img decoding=\"async\" class=\"cover-image\" src=\"https:\/\/projetosacusticos.com.br\/wp-content\/uploads\/2020\/02\/renner1-1-640x600.jpg\" alt=\"Lojas Renner\" \/>    \n    <figcaption>\n        <h3>Lojas Renner<\/h3>\n                <p><\/p>        \n        <a href=\"https:\/\/projetosacusticos.com.br\/fr\/portfolio-item\/lojas-renner\/\"><\/a>\n        <span>\n                    <a href=\"https:\/\/projetosacusticos.com.br\/wp-content\/uploads\/2020\/02\/renner1-1.jpg\" data-rel=\"prettyPhoto[portfolio]\" title=\"Lojas Renner\"><\/a>\n                <\/span>\n    <\/figcaption>\n<\/figure>        <\/li>\n                \n    <\/ul>\n    <div class=\"w-showmore clear\"><a href=\"https:\/\/projetosacusticos.com.br\/fr\/wp-json\/wp\/v2\/pages\/86\/page\/2\/\" class=\"w-next\">Show More<\/a><\/div><\/div><\/div><\/div><\/div>","protected":false},"excerpt":{"rendered":"Projeto Ac\u00fastico da nova sede das Lojas Renner em Porto Alegre - refeit\u00f3rio. Melhoria na qualidade ac\u00fastica interna do refeit\u00f3rio conforme recomenda\u00e7\u00f5es da NBR 10.152 - N\u00edveis de ruido para conforto ac\u00fastico. Projeto de enclausuramento de m\u00e1quinas de ar central, geradores e condensadores sobre laje t\u00e9cnica na sede do Rio de Janeiro - RJ, conforme [...]","protected":false},"author":1,"featured_media":0,"parent":0,"menu_order":0,"comment_status":"closed","ping_status":"open","template":"","meta":{"footnotes":""},"_links":{"self":[{"href":"https:\/\/projetosacusticos.com.br\/fr\/wp-json\/wp\/v2\/pages\/86"}],"collection":[{"href":"https:\/\/projetosacusticos.com.br\/fr\/wp-json\/wp\/v2\/pages"}],"about":[{"href":"https:\/\/projetosacusticos.com.br\/fr\/wp-json\/wp\/v2\/types\/page"}],"author":[{"embeddable":true,"href":"https:\/\/projetosacusticos.com.br\/fr\/wp-json\/wp\/v2\/users\/1"}],"replies":[{"embeddable":true,"href":"https:\/\/projetosacusticos.com.br\/fr\/wp-json\/wp\/v2\/comments?post=86"}],"version-history":[{"count":18,"href":"https:\/\/projetosacusticos.com.br\/fr\/wp-json\/wp\/v2\/pages\/86\/revisions"}],"predecessor-version":[{"id":1999,"href":"https:\/\/projetosacusticos.com.br\/fr\/wp-json\/wp\/v2\/pages\/86\/revisions\/1999"}],"wp:attachment":[{"href":"https:\/\/projetosacusticos.com.br\/fr\/wp-json\/wp\/v2\/media?parent=86"}],"curies":[{"name":"wp","href":"https:\/\/api.w.org\/{rel}","templated":true}]}}