{"id":65,"date":"2015-06-15T10:08:50","date_gmt":"2015-06-15T10:08:50","guid":{"rendered":"http:\/\/wydethemes.com\/flora2\/?page_id=65"},"modified":"2023-01-26T12:57:49","modified_gmt":"2023-01-26T15:57:49","slug":"servicos","status":"publish","type":"page","link":"https:\/\/projetosacusticos.com.br\/fr\/servicos\/","title":{"rendered":"SERVICES"},"content":{"rendered":"<div class=\"row l-padding\"  style=\"background-color:#80d5d8\">\n<div class=\"col col-12\"  style>\n    <div class=\"col-inner\"><div class=\"w-action-box vc_custom_1674748667711\">\n    <div class=\"w-content\">\n                <h3>AVEZ-VOUS BESOIN D'UNE CONCEPTION PERSONNALIS\u00c9E?<\/h3>\n                        <p>A l'aide d'un logiciel de pr\u00e9diction acoustique, nous calculons le d\u00e9ficit d'isolation de chaque syst\u00e8me constructif (murs, portes, fen\u00eatres, plafonds, toitures, planchers, etc.). Apr\u00e8s cette premi\u00e8re approche, nous sp\u00e9cifions le bon mat\u00e9riau et sa quantit\u00e9 dans le meilleur rapport co\u00fbt-b\u00e9n\u00e9fice pour le client afin de r\u00e9soudre son probl\u00e8me de bruit tel que requis par la municipalit\u00e9.<\/p>\n            <\/div>\n        <div class=\"w-action-button\">\n    <a class=\"w-link-button large\"  style=\"color:#000000;border-color:#000000;\"  data-hover-color=\"#ffffff\"  href=\"https:\/\/projetosacusticos.com.br\/fr\/contato\/\"  title=\"PRENDRE CONTACT\">\n    <span style=\"background-color:#000000\"><\/span>\n            PRENDRE CONTACT    <\/a>    <\/div>\n    <\/div>\n\n\n<\/div><\/div><\/div>\n<div class=\"row divider-2-cols\"  style=\"background-color:#f5f5f5\">\n<div class=\"col col-6\"  style>\n    <div class=\"col-inner\"><div class=\"w-space\"  style=\"height:20px\"><\/div><div data-animation=\"fadeInUp\"  class=\"w-info-box w-medium w-left w-none w-animation vc_custom_1583787088395\">\n    <div class=\"w-header\">\n                <span class=\"w-icon\"  style=\"color:#000000\">\n            <i class=\"fa fa-microphone\"><\/i>\n            <span class=\"w-border\"  style=\"color:#000000\"><\/span>\n        <\/span>\n                        <h3>MESUREMENTS ACOUSTIQUES - RAPPORT ET EXPERTISE<\/h3>\n            <\/div>\n        <div class=\"w-content\">\n        <p>Mesure des niveaux de pression acoustique, selon les normes \u00e9tablies par les <strong>normes internationales ISO.<\/strong>Les enregistrements acoustiques sont effectu\u00e9s dans les fr\u00e9quences comprises entre 20Hz et 20.000 Hz en 1\/3 d'octave, dans les circuits de r\u00e9ponse dB(A).<\/p>\n                        <a class=\"w-link-button small\"  href=\"#\">\n    <span><\/span>\n        <i class=\"flora-icon-right-small\"><\/i>\n            Read More    <\/a>            <\/div>\n    <\/div>\n\n\n<\/div><\/div><div class=\"col col-6\"  style>\n    <div class=\"col-inner\"><div class=\"w-space\"  style=\"height:20px\"><\/div><div data-animation=\"fadeInUp\"  class=\"w-info-box w-medium w-left w-none w-animation vc_custom_1583444314242\">\n    <div class=\"w-header\">\n                <span class=\"w-icon\"  style=\"color:#000000\">\n            <i class=\"fa fa-bar-chart\"><\/i>\n            <span class=\"w-border\"  style=\"color:#000000\"><\/span>\n        <\/span>\n                        <h3>ACOUSTIQUE G\u00c9OM\u00c9TRIQUE<\/h3>\n            <\/div>\n        <div class=\"w-content\">\n        <p>Il sera d\u00e9velopp\u00e9 dans des mod\u00e8les th\u00e9oriques informatiques, permettant d'\u00e9valuer la g\u00e9om\u00e9trie du lieu, de d\u00e9tecter d'\u00e9ventuels \u00e9chos et d'indiquer le meilleur emplacement des mat\u00e9riaux acoustiques. En d\u00e9finissant l'emplacement de la source et du r\u00e9cepteur \u00e0 diff\u00e9rents endroits de la pi\u00e8ce, nous pourrons observer le trajet des rayons sonores et o\u00f9 ils se r\u00e9fl\u00e9chissent, ainsi que le temps et l'intensit\u00e9 de chaque rayon r\u00e9fl\u00e9chi par rapport au rayonnement direct. Ray (Niveau VS Direct).<\/p>\n                        <a class=\"w-link-button small\"  href=\"#\"  title=\"Leia Mais\">\n    <span><\/span>\n        <i class=\"flora-icon-right-small\"><\/i>\n            Leia Mais    <\/a>            <\/div>\n    <\/div>\n\n\n<\/div><\/div><div class=\"col col-6\"  style>\n    <div class=\"col-inner\"><div data-animation=\"fadeInUp\"  class=\"w-info-box w-medium w-left w-none w-animation vc_custom_1583444512665\">\n    <div class=\"w-header\">\n                <span class=\"w-icon\"  style=\"color:#000000\">\n            <i class=\"fa fa-leaf\"><\/i>\n            <span class=\"w-border\"  style=\"color:#000000\"><\/span>\n        <\/span>\n                        <h3>LICENCE ENVIRONNEMENTALE ET ZONAGE DE BRUIT<\/h3>\n            <\/div>\n        <div class=\"w-content\">\n        <p>La responsabilit\u00e9 environnementale est de plus en plus int\u00e9gr\u00e9e dans les politiques fondamentales des grandes entreprises. Dans une vision moderne, les mod\u00e8les de gestion environnementale sont bas\u00e9s sur le principe de l'am\u00e9lioration continue, o\u00f9 l'objectif est la capacit\u00e9 de contr\u00f4ler les effets environnementaux de ses propres activit\u00e9s, produits et services, en \u00e9tant capable de marcher vers la r\u00e9duction syst\u00e9matique des impacts environnementaux actuels.<\/p>\n                        <a class=\"w-link-button small\"  href=\"#\">\n    <span><\/span>\n        <i class=\"flora-icon-right-small\"><\/i>\n            Read More    <\/a>            <\/div>\n    <\/div>\n\n\n<\/div><\/div><div class=\"col col-6\"  style>\n    <div class=\"col-inner\"><div data-animation=\"fadeInUp\"  class=\"w-info-box w-medium w-left w-none w-animation vc_custom_1583444533651\">\n    <div class=\"w-header\">\n                <span class=\"w-icon\"  style=\"color:#000000\">\n            <i class=\"fa fa-tachometer\"><\/i>\n            <span class=\"w-border\"  style=\"color:#000000\"><\/span>\n        <\/span>\n                        <h3>TEMPS DE R\u00c9VERB\u00c9RATION<\/h3>\n            <\/div>\n        <div class=\"w-content\">\n        <p>Le Temps de R\u00e9verb\u00e9ration (Tr) d'une pi\u00e8ce est l'indicateur par excellence de son comportement acoustique. Il est d\u00e9termin\u00e9 par le volume de la salle et les coefficients d'absorption acoustique des mat\u00e9riaux de rev\u00eatement et des \u00e9quipements install\u00e9s \u00e0 l'int\u00e9rieur de la pi\u00e8ce. Les valeurs optimales de Tr, pour les six bandes d'octave principales, 125 Hz, 250 Hz, 500 Hz, 1.000 Hz, 2.000 Hz et 4.000 Hz, selon le volume de la pi\u00e8ce et son tipe d l'utilisation.<\/p>\n                        <a class=\"w-link-button small\"  href=\"#\">\n    <span><\/span>\n        <i class=\"flora-icon-right-small\"><\/i>\n            Read More    <\/a>            <\/div>\n    <\/div>\n\n\n<\/div><\/div><div class=\"col col-6\"  style>\n    <div class=\"col-inner\"><div data-animation=\"fadeInUp\"  class=\"w-info-box w-medium w-left w-none w-animation vc_custom_1583789697553\">\n    <div class=\"w-header\">\n                <span class=\"w-icon\"  style=\"color:#000000\">\n            <i class=\"fa fa-building\"><\/i>\n            <span class=\"w-border\"  style=\"color:#000000\"><\/span>\n        <\/span>\n                        <h3>CONDITIONNEMENT ACOUSTIQUE<\/h3>\n            <\/div>\n        <div class=\"w-content\">\n        <p>Gr\u00e2ce \u00e0 une mod\u00e9lisation acoustique tridimensionnelle r\u00e9alis\u00e9e dans un logiciel de pr\u00e9diction acoustique, nous \u00e9valuerons toutes les ondes sonores, leurs trajets, intensit\u00e9s et r\u00e9flexions jusqu'au cinqui\u00e8me ordre. Pour chaque projet, plus de 10 000 rayons sonores seront \u00e9valu\u00e9s avec diff\u00e9rents placements de SOURCES et R\u00c9CEPTEURS sonores, permettant une acoustique g\u00e9om\u00e9trique optimis\u00e9e avec un excellent son dans diff\u00e9rentes parties de la pi\u00e8ce.<br \/>\nNabinger calcule et fournit tous les descripteurs acoustiques selon les recommandations internationales, tels que : TEMPS DE REVERBERATION, RAY TRACING, WORD INTELIGIBILITY %AL CONS, STI, CLARITY C5, C50, C100, D\/R RATIO, HOT SPOT, CRITICAL DISTANCE, LOUNDNESS, etc...<\/p>\n                        <a class=\"w-link-button small\"  href=\"#\">\n    <span><\/span>\n        <i class=\"flora-icon-right-small\"><\/i>\n            Read More    <\/a>            <\/div>\n    <\/div>\n\n\n<\/div><\/div><div class=\"col col-6\"  style>\n    <div class=\"col-inner\"><div data-animation=\"fadeInUp\"  class=\"w-info-box w-medium w-left w-none w-animation vc_custom_1583522696998\">\n    <div class=\"w-header\">\n                <span class=\"w-icon\"  style=\"color:#000000\">\n            <i class=\"fa fa-rss-square\"><\/i>\n            <span class=\"w-border\"  style=\"color:#000000\"><\/span>\n        <\/span>\n                        <h3>PROJET D'ISOLATION ACOUSTIQUE<\/h3>\n            <\/div>\n        <div class=\"w-content\">\n        <div><span style=\"color: #201f1e;\">Gr\u00e2ce au DIAGNOSTIC DES SYST\u00c8MES CONSTRUCTIFS, le D\u00c9FICIT D'ISOLATION ACOUSTIQUE est calcul\u00e9 par fr\u00e9quence en 1\/3 octaves Hz (Hertz) et avec\u00a0<\/span>un logiciel acoustique international, des projets sont r\u00e9alis\u00e9s pour corriger ce d\u00e9ficit afin de se conformer \u00e0 la loi MUNICIPALE et F\u00c9D\u00c9RALE (NBR 10.151 et NBR 10.152) de bruit.<\/div>\n<div><\/div>\n<div><strong>Objectif 1:<\/strong> cadrer le bruit dans les lois municipales et f\u00e9d\u00e9rales (NBR 10.151).<\/div>\n<div><strong>Objectif 2:<\/strong> apporter un confort acoustique \u00e0 l'utilisateur (NBR 10.152).<\/div>\n                        <a class=\"w-link-button small\"  href=\"#\">\n    <span><\/span>\n        <i class=\"flora-icon-right-small\"><\/i>\n            Read More    <\/a>            <\/div>\n    <\/div>\n\n\n<\/div><\/div><\/div>","protected":false},"excerpt":{"rendered":"Precisa de um projeto personalizado? Atrav\u00e9s de softwares de predi\u00e7\u00e3o ac\u00fastica, calculamos qual o deficit de isolamento de cada sistema construtivo (paredes, portas, janelas, forros, telhados, pisos, etc...). Ap\u00f3s essa primeira abordagem especificamos o material correto e sua quantidade dentro do melhor custo benef\u00edcio para o cliente resolver seu problema de ru\u00eddo conforme exigencias do [...]","protected":false},"author":1,"featured_media":0,"parent":0,"menu_order":0,"comment_status":"closed","ping_status":"open","template":"","meta":{"footnotes":""},"_links":{"self":[{"href":"https:\/\/projetosacusticos.com.br\/fr\/wp-json\/wp\/v2\/pages\/65"}],"collection":[{"href":"https:\/\/projetosacusticos.com.br\/fr\/wp-json\/wp\/v2\/pages"}],"about":[{"href":"https:\/\/projetosacusticos.com.br\/fr\/wp-json\/wp\/v2\/types\/page"}],"author":[{"embeddable":true,"href":"https:\/\/projetosacusticos.com.br\/fr\/wp-json\/wp\/v2\/users\/1"}],"replies":[{"embeddable":true,"href":"https:\/\/projetosacusticos.com.br\/fr\/wp-json\/wp\/v2\/comments?post=65"}],"version-history":[{"count":43,"href":"https:\/\/projetosacusticos.com.br\/fr\/wp-json\/wp\/v2\/pages\/65\/revisions"}],"predecessor-version":[{"id":2777,"href":"https:\/\/projetosacusticos.com.br\/fr\/wp-json\/wp\/v2\/pages\/65\/revisions\/2777"}],"wp:attachment":[{"href":"https:\/\/projetosacusticos.com.br\/fr\/wp-json\/wp\/v2\/media?parent=65"}],"curies":[{"name":"wp","href":"https:\/\/api.w.org\/{rel}","templated":true}]}}