{"id":6,"date":"2015-06-15T09:27:13","date_gmt":"2015-06-15T09:27:13","guid":{"rendered":"http:\/\/wydethemes.com\/flora2\/?page_id=6"},"modified":"2023-01-26T10:37:05","modified_gmt":"2023-01-26T13:37:05","slug":"sobre-a-nabinger","status":"publish","type":"page","link":"https:\/\/projetosacusticos.com.br\/fr\/sobre-a-nabinger\/","title":{"rendered":"Qui sommes nous?"},"content":{"rendered":"<div class=\"row vc_custom_1438669324281\">\n<div class=\"col col-12 text-center\"  style>\n    <div class=\"col-inner\"><div class=\"w-custom-heading\">\n    <h2 style=\"font-size: 32px;color: #333333;line-height: 44px;text-align: center;font-family:Montserrat;font-weight:700;font-style:normal\">    Qui sommes nous?    <\/h2><\/div><div class=\"w-space\"  style=\"height:10px\"><\/div><span class=\"w-icon-block w-large w-none\"  style=\"color:#7f6c4c\">\n                        <i class=\"flora-icon-zigzag-1\"><\/i>\n            <\/span><div class=\"w-space\"  style=\"height:20px\"><\/div><div class=\"w-custom-heading vc_custom_1582438229312\">\n    <p style=\"font-size: 24px;color: #999999;line-height: 36px;text-align: center;font-family:Lato;font-weight:300;font-style:normal\">    Dipl\u00f4m\u00e9 de l'enseignement fondamental en France, aujourd'hui Architecte et Master comme Ingenieur acoustique (\u00c9valuation du Plan de Zonage de Bruit de l'A\u00e9roport International Salgado Filho \u2013 POA \u2013 RS Br\u00e9sil, en collaboration avec COPPE - UFRJ). L'architecte est actuellement professeur d'acoustique chez L\u2019 Universit\u00e9es internationales Uniritter Laureate.<br \/>\nIl a travaill\u00e9 pendant de nombreuses ann\u00e9es avec la recherche cientifique acoustique, ce qui a rendu un total de 8 publications internationales.<br \/>\nEn 2007, il \u00e9tait l'un des invit\u00e9s sp\u00e9ciaux de la plus grande conf\u00e9rence acoustique au monde, L\u00b4INTERNOISE, qui s'est pass\u00e9 \u00e0 L\u00eeles- France, pour parler dans le hall principal de l'\u00e9v\u00e9nement de son travail effectu\u00e9 dans les tunnels balistiques du CBC. (Soci\u00e9t\u00e9 de Munitions Br\u00e9silienne). Ces travaux ont apport\u00e9 des avanc\u00e9es importantes au niveau international. Avec l'utilisation de l'innovation, il a chang\u00e9 les concepts d'interventions acoustiques dans les tunnels balistiques mondiales, adaptant le concept des r\u00e9sonateurs de type Helmotz (pr\u00e9sents dans les th\u00e9\u00e2tres grecs) \u00e0 un nouveau type d'utilisation, entre autres.<br \/>\nEn 2006, a particip\u00e9 \u00e0 l'\u00e9laboration de la norme de performance acoustique - NBR 15.575, pour les b\u00e2timents r\u00e9sidentiels, actuellement en vigueur sur tout le territoire national du Br\u00e9sil \u00e0 travers la publication : \u2018La maison exp\u00e9rimentale\u2019, command\u00e9e par le gouvernement br\u00e9silien pour l'UFRGS - NORIE - Orient\u00e9 pour l'innovation du B\u00e2timent.    <\/p><\/div><div class=\"w-space\"  style=\"height:50px\"><\/div><div data-animation=\"fadeInUp\"  class=\"w-image text-center w-animation\"  style>\n        <img decoding=\"async\" src=\"https:\/\/projetosacusticos.com.br\/wp-content\/uploads\/2020\/01\/nabinger-pic.jpg\" alt=\"\" \/>\n    <\/div>\n<\/div><\/div><\/div>\n<div class=\"row w-full no-padding w-v-align w-middle\"  style=\"background-color:#f5f5f5\">\n<div class=\"col col-6 l-padding text-center\"  style>\n    <div class=\"col-inner\"><span class=\"w-icon-block w-large w-none\"  style=\"color:#000000\">\n                        <i class=\"linecons-study\"><\/i>\n            <\/span><div class=\"w-space\"  style=\"height:60px\"><\/div><div class=\"w-heading title-5\">\n     \n    <h2>DIPL\u00d4ME ACAD\u00c9MIQUE \/ TITRE<\/h2>\n        <\/div><div class=\"w-text-block\">\n    <ul>\n<li style=\"text-align: left;\"><strong>2003 &#8211; 2005<\/strong><br \/>\nMaster Ing\u00e9nieur Acousticien<br \/>\nUniversit\u00e9 F\u00e9d\u00e9rale du Rio Grande do Sul, UFRGS, Porto Alegre, Br\u00e9sil Titre : MESURES DU BRUIT A\u00c9RONAUTIQUE DANS LA ZONE II DU PLAN SP\u00c9CIFIQUE DE ZONAGE DU BRUIT \u00c0 L'A\u00c9ROPORT SALGADO FILHO, PORTO ALEGRE \/ RS, Ann\u00e9e d'obtention : 2005 Conseiller : Miguel Aloysio sattler<\/li>\n<li style=\"text-align: left;\"><strong>1995 &#8211; 2001<\/strong><br \/>\nLicence en Architecture et Urbanisme.<br \/>\nColl\u00e8ges Int\u00e9gr\u00e9s de l'Institut Ritter dos Reis, FAIR, Br\u00e9sil Titre : Librairie-galerie avec caf\u00e9-bar.<br \/>\nConseiller: Renato Marques Boursier : Faculdades Integradas do Instituto Ritter dos Reis.<\/li>\n<\/ul>\n<p style=\"text-align: left;\"><strong>FORMATION COMPL\u00c9MENTAIRE<\/strong><\/p>\n<ul>\n<li style=\"text-align: left;\"><strong>2010<\/strong><br \/>\nMBA en gestion de la construction civile.<br \/>\nFondation Getulio Vargas, FGV, Br\u00e9sil.<\/li>\n<li style=\"text-align: left;\"><strong>2001 &#8211; 2001<\/strong><br \/>\nExtension universitaire en Extension universitaire en architecture et urbanisme. Coll\u00e8ges int\u00e9gr\u00e9s de l'Institut Ritter dos Reis, FAIR, Br\u00e9sil.<\/li>\n<\/ul>\n<\/div><\/div><\/div><div class=\"col col-6 no-padding text-center\"  style>\n    <div class=\"col-inner\"><div class=\"w-image text-left w-responsive\"  style>\n    <div style=\"background-image:url('https:\/\/projetosacusticos.com.br\/wp-content\/uploads\/2015\/06\/flora-pic-82.jpg')\"><\/div>    <img decoding=\"async\" src=\"https:\/\/projetosacusticos.com.br\/wp-content\/uploads\/2015\/06\/flora-pic-82.jpg\" alt=\"\" \/>\n    <\/div>\n<\/div><\/div><\/div>\n<div class=\"row w-full no-padding w-v-align w-middle\"  style=\"background-color:#f5f5f5\">\n<div class=\"col col-6 no-padding\"  style>\n    <div class=\"col-inner\"><div class=\"w-image text-left w-responsive\"  style>\n    <div style=\"background-image:url('https:\/\/projetosacusticos.com.br\/wp-content\/uploads\/2020\/01\/VINTAGE_GARAGEBAND-scaled.jpg')\"><\/div>    <img decoding=\"async\" src=\"https:\/\/projetosacusticos.com.br\/wp-content\/uploads\/2020\/01\/VINTAGE_GARAGEBAND-scaled.jpg\" alt=\"\" \/>\n    <\/div>\n<\/div><\/div><div class=\"col col-6 l-padding text-center vc_custom_1581105939921\"  style>\n    <div class=\"col-inner\"><span class=\"w-icon-block w-large w-none\"  style=\"color:#000000\">\n                        <i class=\"etline-megaphone\"><\/i>\n            <\/span><div class=\"w-space\"  style=\"height:60px\"><\/div><div class=\"w-heading title-5\">\n     \n    <h2>POURQUOI FAIRE APPEL \u00c0 NABINGER ACOUSTIC PROJECTS?<\/h2>\n        <\/div><div class=\"w-text-block\">\n    <p style=\"text-align: left;\">La premi\u00e8re \u00e9tape pour une intervention correcte consiste \u00e0 effectuer des bonnes mesures acoustique conform\u00e9ment \u00e0 la l\u00e9gislation en vigueur dans la commune et realiser une bonne eveluation du batiment existant, nos permetant ansi realizzer un correct diagnostique de la nuissance sonore.<\/p>\n<p style=\"text-align: left;\">Apr\u00e8s les mesures acoustiques et \u00e0 l'aide des logiciels de pr\u00e9diction acoustique, nous calculons le d\u00e9ficit d'isolation de chaque syst\u00e8me constructif (murs, portes, fen\u00eatres, plafonds, toitures, sols, etc\u2026e avalions les interfaces entre elles).<\/p>\n<p style=\"text-align: left;\">Apr\u00e8s cette premi\u00e8re approche, nous sp\u00e9cifions les mat\u00e9riaux corrects et ses quantit\u00e9s dans le meilleur rapport co\u00fbt-b\u00e9n\u00e9fice pour le client afin de r\u00e9soudre son probl\u00e8me tel qu'il est requis par la municipalit\u00e9.<\/p>\n<\/div><\/div><\/div><\/div>\n<div class=\"row no-padding\"  style=\"background-color:#80d5d8\">\n<div class=\"col col-12\"  style>\n    <div class=\"col-inner\"><div class=\"w-action-box\">\n    <div class=\"w-content\">\n                <h3>BESOIN D'UN PROJET PERSONNALIS\u00c9E?<\/h3>\n                        <p>Avec plus de 2 millions de m2 d\u00e9livr\u00e9es en projets, rapports e chantiers acoustiques, notre \u00e9quipe d\u00e9tient l\u2019exp\u00e9rience n\u00e9cessaire pour pouvoir vous aider avec les meilleures solutions acoustiques.<\/p>\n            <\/div>\n        <div class=\"w-action-button\">\n    <a class=\"w-link-button large\"  style=\"color:#211f1e;border-color:#211f1e;\"  data-hover-color=\"#ffffff\"  href=\"https:\/\/projetosacusticos.com.br\/fr\/contato\/\"  title=\"PRENDRE CONTACT\">\n    <span style=\"background-color:#211f1e\"><\/span>\n            PRENDRE CONTACT    <\/a>    <\/div>\n    <\/div>\n\n\n<\/div><\/div><\/div>","protected":false},"excerpt":{"rendered":"Sobre a Nabinger Graduado pelo ensino b\u00e1sico na Fran\u00e7a o hoje Arquiteto e Mestre em engenharia civil com \u00eanfase em ac\u00fastica de aeroportos (Avaliou o Plano de Zoneamento de Ru\u00eddo - PZR do Aeroporto Salgado Filho em com colabora\u00e7\u00e3o da COPPE - UFRJ). O arquiteto hoje \u00e9 professor da disciplina de ac\u00fastica arquitet\u00f4nica no curso [...]","protected":false},"author":1,"featured_media":0,"parent":0,"menu_order":0,"comment_status":"closed","ping_status":"open","template":"","meta":{"footnotes":""},"_links":{"self":[{"href":"https:\/\/projetosacusticos.com.br\/fr\/wp-json\/wp\/v2\/pages\/6"}],"collection":[{"href":"https:\/\/projetosacusticos.com.br\/fr\/wp-json\/wp\/v2\/pages"}],"about":[{"href":"https:\/\/projetosacusticos.com.br\/fr\/wp-json\/wp\/v2\/types\/page"}],"author":[{"embeddable":true,"href":"https:\/\/projetosacusticos.com.br\/fr\/wp-json\/wp\/v2\/users\/1"}],"replies":[{"embeddable":true,"href":"https:\/\/projetosacusticos.com.br\/fr\/wp-json\/wp\/v2\/comments?post=6"}],"version-history":[{"count":56,"href":"https:\/\/projetosacusticos.com.br\/fr\/wp-json\/wp\/v2\/pages\/6\/revisions"}],"predecessor-version":[{"id":2776,"href":"https:\/\/projetosacusticos.com.br\/fr\/wp-json\/wp\/v2\/pages\/6\/revisions\/2776"}],"wp:attachment":[{"href":"https:\/\/projetosacusticos.com.br\/fr\/wp-json\/wp\/v2\/media?parent=6"}],"curies":[{"name":"wp","href":"https:\/\/api.w.org\/{rel}","templated":true}]}}