{"id":44,"date":"2015-06-15T09:49:27","date_gmt":"2015-06-15T09:49:27","guid":{"rendered":"http:\/\/wydethemes.com\/flora2\/?page_id=44"},"modified":"2025-05-02T11:10:25","modified_gmt":"2025-05-02T14:10:25","slug":"contato","status":"publish","type":"page","link":"https:\/\/projetosacusticos.com.br\/fr\/contato\/","title":{"rendered":"PRENDRE CONTACT"},"content":{"rendered":"<div class=\"row l-padding\"  style=\"background-color:#f5f5f5\">\n<div class=\"col col-12\"  style>\n    <div class=\"col-inner\"><div class=\"w-heading title-5\">\n     \n    <h2>PRENDRE CONTACT<\/h2>\n        <\/div><div class=\"w-space\"  style=\"height:20px\"><\/div><div class=\"w-custom-heading vc_custom_1584136767661\">\n    <p style=\"font-size: 24px;color: #000000;line-height: 36px;text-align: center;font-family:Lato;font-weight:300;font-style:normal\">    Contactez-nous par WhatsAPP, t\u00e9l\u00e9phone et par e-mail, ou si vous pr\u00e9f\u00e9rez, remplissez le formulaire ci-dessous et nous vous r\u00e9pondrons.    <\/p><\/div><div class=\"w-space\"  style=\"height:20px\"><\/div><\/div><\/div><div class=\"col col-6\"  style>\n    <div class=\"col-inner\"><div class=\"w-info-box w-medium w-top w-none\">\n    <div class=\"w-header\">\n                <span class=\"w-icon\"  style=\"color:#376b67\">\n            <i class=\"typcn typcn-phone-outline\"><\/i>\n            <span class=\"w-border\"  style=\"color:#376b67\"><\/span>\n        <\/span>\n                        <h3>T\u00e9l\u00e9phone<\/h3>\n            <\/div>\n        <div class=\"w-content\">\n        <p>(51) 9990 74334<br \/>\n<span style=\"color: #000000; font-size: 18px;\">Contactez-nous par WhatsAPP \u00a0\u00a0<i class=\"fa fa-whatsapp\" style=\"color: green;\"><\/i><\/span><\/p>\n            <\/div>\n    <\/div>\n\n\n<\/div><\/div><div class=\"col col-6\"  style>\n    <div class=\"col-inner\"><div class=\"w-info-box w-medium w-top w-none\">\n    <div class=\"w-header\">\n                <span class=\"w-icon\"  style=\"color:#376b67\">\n            <i class=\"typcn typcn-mail\"><\/i>\n            <span class=\"w-border\"  style=\"color:#376b67\"><\/span>\n        <\/span>\n                        <h3>E-mail<\/h3>\n            <\/div>\n        <div class=\"w-content\">\n        <p><span style=\"color: #000000; font-size: 18px;\"><a style=\"color: #000000;\" href=\"mailto:nabinger@projetosacusticos.com.br\">nabinger@projetosacusticos.com.br<\/a><\/span><\/p>\n            <\/div>\n    <\/div>\n\n\n<\/div><\/div><\/div>\n<div class=\"row w-full no-padding w-v-align w-middle\">\n<div class=\"col col-6 no-padding vc_custom_1434701135508\"  style>\n    <div class=\"col-inner\"><div class=\"w-gmaps\"  data-marker=\"https:\/\/projetosacusticos.com.br\/wp-content\/uploads\/2020\/01\/Captura-de-Tela-2020-01-23-\u00e0s-12.00.16.png\"  data-maps=\"%7B%22position%22%3A%7B%22lat%22%3A37.38579319577303%2C%22lng%22%3A-122.0838117365845%7D%2C%22address%22%3A%22R.%20Sofia%20Veloso%2C%20101%20-%20Cidade%20Baixa%2C%20Porto%20Alegre%22%2C%22zoom%22%3A14%2C%22type%22%3A2%7D\"  data-color=\"#000000\"  style=\"height:600px\">\n    <div class=\"w-map-canvas\"><\/div>\n<\/div><\/div><\/div><div class=\"col col-6\"  style>\n    <div class=\"col-inner\">\n<div class=\"wpcf7 no-js\" id=\"wpcf7-f5-o1\" lang=\"en-US\" dir=\"ltr\">\n<div class=\"screen-reader-response\"><p role=\"status\" aria-live=\"polite\" aria-atomic=\"true\"><\/p> <ul><\/ul><\/div>\n<form action=\"\/fr\/wp-json\/wp\/v2\/pages\/44#wpcf7-f5-o1\" method=\"post\" class=\"wpcf7-form init\" aria-label=\"Contact form\" novalidate=\"novalidate\" data-status=\"init\" data-trp-original-action=\"\/fr\/wp-json\/wp\/v2\/pages\/44#wpcf7-f5-o1\">\n<div style=\"display: none;\">\n<input type=\"hidden\" name=\"_wpcf7\" value=\"5\" \/>\n<input type=\"hidden\" name=\"_wpcf7_version\" value=\"5.8.5\" \/>\n<input type=\"hidden\" name=\"_wpcf7_locale\" value=\"en_US\" \/>\n<input type=\"hidden\" name=\"_wpcf7_unit_tag\" value=\"wpcf7-f5-o1\" \/>\n<input type=\"hidden\" name=\"_wpcf7_container_post\" value=\"0\" \/>\n<input type=\"hidden\" name=\"_wpcf7_posted_data_hash\" value=\"\" \/>\n<input type=\"hidden\" name=\"_wpcf7_recaptcha_response\" value=\"\" \/>\n<\/div>\n<div class=\"col col-6\">\n\t<p><span class=\"wpcf7-form-control-wrap\" data-name=\"your-name\"><input size=\"40\" class=\"wpcf7-form-control wpcf7-text wpcf7-validates-as-required\" aria-required=\"true\" aria-invalid=\"false\" placeholder=\"Nom *\" value=\"\" type=\"text\" name=\"your-name\" \/><\/span>\n\t<\/p>\n<\/div>\n<div class=\"col col-6\">\n\t<p><span class=\"wpcf7-form-control-wrap\" data-name=\"your-email\"><input size=\"40\" class=\"wpcf7-form-control wpcf7-email wpcf7-validates-as-required wpcf7-text wpcf7-validates-as-email\" aria-required=\"true\" aria-invalid=\"false\" placeholder=\"Email *\" value=\"\" type=\"email\" name=\"your-email\" \/><\/span>\n\t<\/p>\n<\/div>\n<div class=\"col col-6\">\n\t<p><span class=\"wpcf7-form-control-wrap\" data-name=\"your-tel\"><input size=\"40\" class=\"wpcf7-form-control wpcf7-tel wpcf7-text wpcf7-validates-as-tel\" aria-invalid=\"false\" placeholder=\"T\u00e9l\u00e9phone\" value=\"\" type=\"tel\" name=\"your-tel\" \/><\/span>\n\t<\/p>\n<\/div>\n<div class=\"col col-6\">\n\t<p><span class=\"wpcf7-form-control-wrap\" data-name=\"your-subject\"><input size=\"40\" class=\"wpcf7-form-control wpcf7-text wpcf7-validates-as-required\" aria-required=\"true\" aria-invalid=\"false\" placeholder=\"Objet *\" value=\"\" type=\"text\" name=\"your-subject\" \/><\/span>\n\t<\/p>\n<\/div>\n<div class=\"col col-12\">\n\t<p><span class=\"wpcf7-form-control-wrap\" data-name=\"your-message\"><textarea cols=\"40\" rows=\"10\" class=\"wpcf7-form-control wpcf7-textarea\" aria-invalid=\"false\" placeholder=\"Message\" name=\"your-message\"><\/textarea><\/span>\n\t<\/p>\n<\/div>\n<div class=\"col col-12 text-center\">\n\t<p><input type=\"submit\" value=\"Envoyer\" \/>\n\t<\/p>\n<\/div><div class=\"wpcf7-response-output\" aria-hidden=\"true\"><\/div>\n<input type=\"hidden\" name=\"trp-form-language\" value=\"fr\"\/><\/form>\n<\/div>\n<\/div><\/div><\/div>","protected":false},"excerpt":{"rendered":"Entre em Contato Fa\u00e7a contato conosco atrav\u00e9s do nosso telefone e email, ou ainda, se preferir, preencha o formul\u00e1rio abaixo que iremos retornar sua mensagem. Telefone (51) 9990 74334 Fa\u00e7a contato tamb\u00e9m por WhatsApp \u00a0\u00a0 E-mail nabinger@projetosacusticos.com.br","protected":false},"author":1,"featured_media":0,"parent":0,"menu_order":0,"comment_status":"closed","ping_status":"open","template":"","meta":{"footnotes":""},"_links":{"self":[{"href":"https:\/\/projetosacusticos.com.br\/fr\/wp-json\/wp\/v2\/pages\/44"}],"collection":[{"href":"https:\/\/projetosacusticos.com.br\/fr\/wp-json\/wp\/v2\/pages"}],"about":[{"href":"https:\/\/projetosacusticos.com.br\/fr\/wp-json\/wp\/v2\/types\/page"}],"author":[{"embeddable":true,"href":"https:\/\/projetosacusticos.com.br\/fr\/wp-json\/wp\/v2\/users\/1"}],"replies":[{"embeddable":true,"href":"https:\/\/projetosacusticos.com.br\/fr\/wp-json\/wp\/v2\/comments?post=44"}],"version-history":[{"count":28,"href":"https:\/\/projetosacusticos.com.br\/fr\/wp-json\/wp\/v2\/pages\/44\/revisions"}],"predecessor-version":[{"id":2797,"href":"https:\/\/projetosacusticos.com.br\/fr\/wp-json\/wp\/v2\/pages\/44\/revisions\/2797"}],"wp:attachment":[{"href":"https:\/\/projetosacusticos.com.br\/fr\/wp-json\/wp\/v2\/media?parent=44"}],"curies":[{"name":"wp","href":"https:\/\/api.w.org\/{rel}","templated":true}]}}