{"id":35,"date":"2015-06-15T09:42:48","date_gmt":"2015-06-15T09:42:48","guid":{"rendered":"http:\/\/wydethemes.com\/flora2\/?page_id=35"},"modified":"2020-03-13T20:13:53","modified_gmt":"2020-03-13T23:13:53","slug":"destaques","status":"publish","type":"page","link":"https:\/\/projetosacusticos.com.br\/fr\/destaques\/","title":{"rendered":"Travails Importants"},"content":{"rendered":"<div class=\"row m-padding\">\n<div class=\"col col-12\"  style>\n    <div class=\"col-inner\">      \n<div class=\"w-blog-posts w-large\">\n    <ul class=\"w-view clear\">\n            <li class=\"w-item\">\n        <article id=\"post-531\" class=\"post-531 post type-post status-publish format-standard has-post-thumbnail hentry category-sem-categoria\">\n    \n    <span class=\"meta-date\"> <a href=\"https:\/\/projetosacusticos.com.br\/fr\/2020\/01\/09\/\" rel=\"bookmark\"><time class=\"entry-date published\" datetime=\"2020-01-09T07:10:17-03:00\"><strong>09<\/strong><span><em>Jan<\/em><em>2020<\/em><\/span><\/time><time class=\"updated\" datetime=\"2020-03-13T20:23:41-03:00\"><strong>13<\/strong><span><em>Mar<\/em><em>2020<\/em><\/span><\/time><\/a><\/span>    <h3 class=\"post-title entry-title\"><a href=\"https:\/\/projetosacusticos.com.br\/fr\/universidade-inaugura-infraestrutura-completa-para-producao-audiovisual\/\" title=\"UNIVERSIT\u00c9 INAUGURE INFRASTRUCTURE COMPL\u00c8TE POUR LA PRODUCTION AUDIOVISUELLE UTILIZ\u00c9E POUT NETFLIX\" rel=\"bookmark\">UNIVERSIT\u00c9 INAUGURE INFRASTRUCTURE COMPL\u00c8TE POUR LA PRODUCTION AUDIOVISUELLE UTILIZ\u00c9E POUT NETFLIX<\/a><\/h3>        <div class=\"post-media\">\n                    \t        <div>\n                <a href=\"https:\/\/projetosacusticos.com.br\/fr\/universidade-inaugura-infraestrutura-completa-para-producao-audiovisual\/\">\n                    <img decoding=\"async\" src=\"https:\/\/projetosacusticos.com.br\/wp-content\/uploads\/2020\/02\/tecna6.jpg\" alt=\"UNIVERSIT\u00c9 INAUGURE INFRASTRUCTURE COMPL\u00c8TE POUR LA PRODUCTION AUDIOVISUELLE UTILIZ\u00c9E POUT NETFLIX\" \/>\n                                    <\/a>\n\t        <\/div>\n\t            <\/div>\n        <div class=\"post-meta\">\n                                <div class=\"meta-right\">\n                          \n        <\/div>\n    <\/div>\n    <div class=\"post-summary entry-summary clear\">\n    <p>Tecna PUCRS (r\u00e9cemment utilis\u00e9 par Netflix et avec la technologie thx-imax de George Lucas), Nabinger a con\u00e7u, ex\u00e9cut\u00e9 et surveill\u00e9 le travail des studios de cin\u00e9ma les plus modernes d'Am\u00e9rique latine. Il a \u00e9t\u00e9 possible de certifier les salles avec le syst\u00e8me acoustique le plus avanc\u00e9 pour les salles de cin\u00e9ma : le syst\u00e8me thx. On \u00e9t\u00e9s d\u00e9livr\u00e9s 5 studios de cin\u00e9ma, qui ont \u00e9t\u00e9 con\u00e7us pour le tournages des films de NETFLIX, 3 salles de mixage, une salle d'enregistrement de musique, des syst\u00e8mes de climatisation robustes desservant l'ensemble du complexe. <a href=\"https:\/\/projetosacusticos.com.br\/fr\/universidade-inaugura-infraestrutura-completa-para-producao-audiovisual\/\">Leia a mat\u00e9ria na integra<\/a><\/p>\n    <\/div>\n    <\/article>    \n        <\/li>\n            <li class=\"w-item\">\n        <article id=\"post-507\" class=\"post-507 post type-post status-publish format-standard has-post-thumbnail hentry category-sem-categoria\">\n    \n    <span class=\"meta-date\"> <a href=\"https:\/\/projetosacusticos.com.br\/fr\/2020\/01\/08\/\" rel=\"bookmark\"><time class=\"entry-date published\" datetime=\"2020-01-08T15:50:26-03:00\"><strong>08<\/strong><span><em>Jan<\/em><em>2020<\/em><\/span><\/time><time class=\"updated\" datetime=\"2020-03-13T20:24:34-03:00\"><strong>13<\/strong><span><em>Mar<\/em><em>2020<\/em><\/span><\/time><\/a><\/span>    <h3 class=\"post-title entry-title\"><a href=\"https:\/\/projetosacusticos.com.br\/fr\/gremio-arena\/\" title=\"Gr\u00eamio Arena\" rel=\"bookmark\">Gr\u00eamio Arena<\/a><\/h3>        <div class=\"post-media\">\n                    \t        <div>\n                <a href=\"https:\/\/projetosacusticos.com.br\/fr\/gremio-arena\/\">\n                    <img decoding=\"async\" src=\"https:\/\/projetosacusticos.com.br\/wp-content\/uploads\/2015\/05\/arena2.jpg\" alt=\"Gr\u00eamio Arena\" \/>\n                                    <\/a>\n\t        <\/div>\n\t            <\/div>\n        <div class=\"post-meta\">\n                                <div class=\"meta-right\">\n                          \n        <\/div>\n    <\/div>\n    <div class=\"post-summary entry-summary clear\">\n    <p>Nabinger a \u00e9t\u00e9 engag\u00e9 par OAS pour r\u00e9aliser les etudes acoustiques pour les deux stades Gr\u00eamio \u2013 STADE OL\u00cdMPICO \u2013 D\u00e9molition et insertion d'un grand d\u00e9veloppement immobilier contenant un h\u00f4tel, un centre commercial et des tours r\u00e9sidentielles. Construction du d\u00e9veloppement ARENA do GREMIO contenant le nouveau stade du Gr\u00eamio, centre d'entra\u00eenement, complexe de logements avec 6 b\u00e2timents, centre commercial, h\u00f4tel et parkings. <a href=\"https:\/\/projetosacusticos.com.br\/fr\/gremio-arena\/\">Leia a mat\u00e9ria na integra<\/a><\/p>\n    <\/div>\n    <\/article>    \n        <\/li>\n            <li class=\"w-item\">\n        <article id=\"post-504\" class=\"post-504 post type-post status-publish format-standard has-post-thumbnail hentry category-sem-categoria\">\n    \n    <span class=\"meta-date\"> <a href=\"https:\/\/projetosacusticos.com.br\/fr\/2020\/01\/08\/\" rel=\"bookmark\"><time class=\"entry-date published\" datetime=\"2020-01-08T15:46:00-03:00\"><strong>08<\/strong><span><em>Jan<\/em><em>2020<\/em><\/span><\/time><time class=\"updated\" datetime=\"2020-03-13T20:25:00-03:00\"><strong>13<\/strong><span><em>Mar<\/em><em>2020<\/em><\/span><\/time><\/a><\/span>    <h3 class=\"post-title entry-title\"><a href=\"https:\/\/projetosacusticos.com.br\/fr\/angola-cables\/\" title=\"Angola Cables\" rel=\"bookmark\">Angola Cables<\/a><\/h3>        <div class=\"post-media\">\n                    \t        <div>\n                <a href=\"https:\/\/projetosacusticos.com.br\/fr\/angola-cables\/\">\n                    <img decoding=\"async\" src=\"https:\/\/projetosacusticos.com.br\/wp-content\/uploads\/2020\/02\/angola-cables-960x540.png\" alt=\"Angola Cables\" \/>\n                                    <\/a>\n\t        <\/div>\n\t            <\/div>\n        <div class=\"post-meta\">\n                                <div class=\"meta-right\">\n                          \n        <\/div>\n    <\/div>\n    <div class=\"post-summary entry-summary clear\">\n    <p>\u00c0 l'aide des logiciels de pr\u00e9diction et de mod\u00e9lisation acoustique, la conception et l'ex\u00e9cution de l'isolation acoustique ont \u00e9t\u00e9 r\u00e9alis\u00e9es pour deux centres de donn\u00e9es - Monet et Sacs, qui fonctionnent avec des fibres optiques immerg\u00e9es dans l'oc\u00e9an Atlantique, reliant Fortaleza \u00e0 l'Angola et Fortaleza \u00e0 Miami. Avec sa propre conception et fabrication : nous concevons, fournissons et installons des portes acoustiques, des att\u00e9nuateurs acoustiques, des silencieux pour g\u00e9n\u00e9rateurs, y compris des embouts acoustiques, en r\u00e9alisant tous les conduits d'\u00e9vacuation des g\u00e9n\u00e9rateurs enferm\u00e9s dans la partie externe, nous concevons et ex\u00e9cutons des barri\u00e8res acoustiques et des att\u00e9nuateurs rectangulaires pour contenir bruit des condensateurs. <a href=\"https:\/\/projetosacusticos.com.br\/fr\/angola-cables\/\">Leia a mat\u00e9ria na integra<\/a><\/p>\n    <\/div>\n    <\/article>    \n        <\/li>\n            <li class=\"w-item\">\n        <article id=\"post-501\" class=\"post-501 post type-post status-publish format-standard has-post-thumbnail hentry category-sem-categoria\">\n    \n    <span class=\"meta-date\"> <a href=\"https:\/\/projetosacusticos.com.br\/fr\/2020\/01\/08\/\" rel=\"bookmark\"><time class=\"entry-date published\" datetime=\"2020-01-08T15:13:14-03:00\"><strong>08<\/strong><span><em>Jan<\/em><em>2020<\/em><\/span><\/time><time class=\"updated\" datetime=\"2020-03-13T20:25:24-03:00\"><strong>13<\/strong><span><em>Mar<\/em><em>2020<\/em><\/span><\/time><\/a><\/span>    <h3 class=\"post-title entry-title\"><a href=\"https:\/\/projetosacusticos.com.br\/fr\/gjp-hoteis\/\" title=\"GJP Hot\u00e9is\" rel=\"bookmark\">GJP Hot\u00e9is<\/a><\/h3>        <div class=\"post-media\">\n                    \t        <div>\n                <a href=\"https:\/\/projetosacusticos.com.br\/fr\/gjp-hoteis\/\">\n                    <img decoding=\"async\" src=\"https:\/\/projetosacusticos.com.br\/wp-content\/uploads\/2020\/02\/GJP-RJ-960x444.jpeg\" alt=\"GJP Hot\u00e9is\" \/>\n                                    <\/a>\n\t        <\/div>\n\t            <\/div>\n        <div class=\"post-meta\">\n                                <div class=\"meta-right\">\n                          \n        <\/div>\n    <\/div>\n    <div class=\"post-summary entry-summary clear\">\n    <p>\u00a0Construit sp\u00e9cialement pour la Coupe du Monde au Br\u00e9sil. C'est le seul h\u00f4tel au Br\u00e9sil dans la \"zone 1\" de l'a\u00e9roport. Dans cette zone, la construction de b\u00e2timents d'habitation (couchage) est interdite. L'objectif de ce projet \u00e9tait de r\u00e9aliser une isolation acoustique qui apporterait un confort acoustique aux clients (NBR 10152) au d\u00e9triment de la proximit\u00e9 des seuils d'atterrissage et de d\u00e9collage des les pistes d'atterrissage de l\u2019 Aeropor du GEL\u00c3O-RJ-BRA. La solution devrait \u00e9galement couvrir une nouvelle technologie de construction afin qu'elle puisse \u00eatre construite \u00e0 temps pour la Coupe du monde. <a href=\"https:\/\/projetosacusticos.com.br\/fr\/gjp-hoteis\/\">Leia a mat\u00e9ria na integra<\/a><\/p>\n    <\/div>\n    <\/article>    \n        <\/li>\n        <\/ul>\n    <\/div><\/div><\/div><\/div>","protected":false},"excerpt":{"rendered":"\u00a0Constru\u00eddo especialmente para a Copa do Mundo do Brasil. Este \u00e9 o \u00fanico hotel no Brasil dentro da chamada zona 1 do aeroporto. Nesta zona n\u00e3o \u00e9 permitida a constru\u00e7\u00e3o de edif\u00edcios de cunho residencial (dormir), o desafio deste projeto foi realizar um isolamento ac\u00fastico que proporcionasse conforto ac\u00fastico aos usu\u00e1rios (NBR 10.152) em detrimento [...]","protected":false},"author":1,"featured_media":0,"parent":0,"menu_order":0,"comment_status":"closed","ping_status":"open","template":"","meta":{"footnotes":""},"_links":{"self":[{"href":"https:\/\/projetosacusticos.com.br\/fr\/wp-json\/wp\/v2\/pages\/35"}],"collection":[{"href":"https:\/\/projetosacusticos.com.br\/fr\/wp-json\/wp\/v2\/pages"}],"about":[{"href":"https:\/\/projetosacusticos.com.br\/fr\/wp-json\/wp\/v2\/types\/page"}],"author":[{"embeddable":true,"href":"https:\/\/projetosacusticos.com.br\/fr\/wp-json\/wp\/v2\/users\/1"}],"replies":[{"embeddable":true,"href":"https:\/\/projetosacusticos.com.br\/fr\/wp-json\/wp\/v2\/comments?post=35"}],"version-history":[{"count":8,"href":"https:\/\/projetosacusticos.com.br\/fr\/wp-json\/wp\/v2\/pages\/35\/revisions"}],"predecessor-version":[{"id":2654,"href":"https:\/\/projetosacusticos.com.br\/fr\/wp-json\/wp\/v2\/pages\/35\/revisions\/2654"}],"wp:attachment":[{"href":"https:\/\/projetosacusticos.com.br\/fr\/wp-json\/wp\/v2\/media?parent=35"}],"curies":[{"name":"wp","href":"https:\/\/api.w.org\/{rel}","templated":true}]}}