{"id":917,"date":"2015-06-15T09:27:38","date_gmt":"2015-06-15T09:27:38","guid":{"rendered":"http:\/\/wydethemes.com\/flora2\/?page_id=8"},"modified":"2020-03-13T20:41:37","modified_gmt":"2020-03-13T23:41:37","slug":"desempenho-acustico","status":"publish","type":"page","link":"https:\/\/projetosacusticos.com.br\/es\/desempenho-acustico\/","title":{"rendered":"Desempe\u00f1o Ac\u00fastico"},"content":{"rendered":"<div class=\"row w-full no-padding w-v-align w-middle\">\n<div class=\"col col-6 l-padding\"  style>\n    <div class=\"col-inner\"><div class=\"w-space\"  style=\"height:40px\"><\/div><div data-animation=\"fadeInUp\"  class=\"w-heading title-5 text-left w-animation\">\n     \n    <h2>Desempe\u00f1o Ac\u00fastico<\/h2>\n        <\/div><div data-animation=\"fadeInUp\"  class=\"w-text-block w-animation\">\n    <p>En el a\u00f1o 2006, en colaboraci\u00f3n con el gobierno brasile\u00f1o y la Universidad Federal de Rio Grande do Sul (UFRGS), Nabinger particip\u00f3 en la elaboraci\u00f3n de la Norma de Desempe\u00f1o Ac\u00fastico (NBR 15.575) para edificaciones de car\u00e1cter residencial, hoy en vigor en todo el territorio nacional, suministrando los datos necesarios para su dise\u00f1o.<\/p>\n<\/div><div class=\"w-space\"  style=\"height:40px\"><\/div><\/div><\/div><div class=\"col col-6 no-padding text-center\"  style>\n    <div class=\"col-inner\"><div class=\"w-image text-center w-responsive\"  style>\n    <div style=\"background-image:url('https:\/\/projetosacusticos.com.br\/wp-content\/uploads\/2020\/03\/NBR.jpeg')\"><\/div>    <img decoding=\"async\" src=\"https:\/\/projetosacusticos.com.br\/wp-content\/uploads\/2020\/03\/NBR.jpeg\" alt=\"NBR\" \/>\n    <\/div>\n<\/div><\/div><\/div>\n<div class=\"row w-full no-padding w-v-align w-middle\">\n<div class=\"col col-6 no-padding text-center\"  style>\n    <div class=\"col-inner\"><div class=\"w-image text-center w-responsive\"  style>\n    <div style=\"background-image:url('https:\/\/projetosacusticos.com.br\/wp-content\/uploads\/2020\/02\/nine.jpeg')\"><\/div>    <img decoding=\"async\" src=\"https:\/\/projetosacusticos.com.br\/wp-content\/uploads\/2020\/02\/nine.jpeg\" alt=\"\" \/>\n    <\/div>\n<\/div><\/div><div class=\"col col-6 l-padding\"  style>\n    <div class=\"col-inner\"><div class=\"w-space\"  style=\"height:40px\"><\/div><div data-animation=\"fadeInUp\"  class=\"w-heading title-5 text-left w-animation\">\n     \n    <h2>Desempe\u00f1o Ac\u00fastico<\/h2>\n        <\/div><div data-animation=\"fadeInUp\"  class=\"w-text-block w-animation\">\n    <p>Tambi\u00e9n fuimos los precursores en la aplicaci\u00f3n de esta norma antes de su aprobaci\u00f3n (dise\u00f1os y obras) en empresas constructoras de renombre como OAS, ROSSI, MELNICK, CHIES, PAVEI, IVORIZZO, entre otras, de las cuales hoy Nabinger firma los proyectos de DESEMPE\u00d1O AC\u00daSTICO de acuerdo con la NBR 15.575.<\/p>\n<\/div><div class=\"w-space\"  style=\"height:40px\"><\/div><\/div><\/div><\/div>\n<div class=\"row vc_custom_1582258749735\"  style=\"background-color:#80d5d8\">\n<div class=\"col col-6\"  style>\n    <div class=\"col-inner\"><div class=\"w-text-block\">\n    <p><span style=\"color: #000000; font-size: 18px;\">La NBR 15.575 define <strong>criterios y m\u00e9todos de evaluaci\u00f3n de desempe\u00f1o ac\u00fastico<\/strong> de cinco sistemas :<\/span><\/p>\n<ul>\n<li><span style=\"color: #000000; font-size: 18px;\">1 \u2013 Equipos y sistemas hidr\u00e1ulicos;<\/span><\/li>\n<li><span style=\"color: #000000; font-size: 18px;\">2 \u2013 Losas entre pisos;<\/span><\/li>\n<li><span style=\"color: #000000; font-size: 18px;\">3 \u2013 Paredes interiores;<\/span><\/li>\n<li><span style=\"color: #000000; font-size: 18px;\">4 \u2013 Paredes exteriores;<\/span><\/li>\n<li><span style=\"color: #000000; font-size: 18px;\">5 \u2013 Techos.<\/span><\/li>\n<\/ul>\n<\/div><\/div><\/div><div class=\"col col-6\"  style>\n    <div class=\"col-inner\"><div class=\"w-text-block\">\n    <p><span style=\"color: #000000; font-size: 18px;\">La NBR 15.575 define tres niveles de par\u00e1metros de desempe\u00f1o:<\/span><\/p>\n<ul>\n<li><span style=\"color: #000000; font-size: 18px;\">1 \u2013 M\u00ednimo;<\/span><\/li>\n<li><span style=\"color: #000000; font-size: 18px;\">2 \u2013 Intermedio;<\/span><\/li>\n<li><span style=\"color: #000000; font-size: 18px;\">3 \u2013 Superior.<\/span><\/li>\n<\/ul>\n<p><span style=\"color: #000000; font-size: 18px;\">El l\u00edmite \u201cm\u00ednimo\u201d de desempe\u00f1o debe ser respetado por cualquier edificaci\u00f3n, independientemente del n\u00famero de plantas.<\/span><\/p>\n<\/div><\/div><\/div><\/div>","protected":false},"excerpt":{"rendered":"Desempenho Ac\u00fastico No ano de 2006, em parceria com o governo Brasileiro e a UFRGS, a Nabinger participou da elabora\u00e7\u00e3o da norma de DESEMPENHO AC\u00daSTICO - NBR 15.575, para edifica\u00e7\u00f5es de cunho residencial, hoje vigente em todo o territ\u00f3rio Nacional, fornecendo os dados necess\u00e1rios para a formata\u00e7\u00e3o da mesma. Desempenho Ac\u00fastico Tamb\u00e9m fomos os precursores [...]","protected":false},"author":1,"featured_media":0,"parent":0,"menu_order":0,"comment_status":"closed","ping_status":"open","template":"","meta":{"footnotes":""},"_links":{"self":[{"href":"https:\/\/projetosacusticos.com.br\/es\/wp-json\/wp\/v2\/pages\/917"}],"collection":[{"href":"https:\/\/projetosacusticos.com.br\/es\/wp-json\/wp\/v2\/pages"}],"about":[{"href":"https:\/\/projetosacusticos.com.br\/es\/wp-json\/wp\/v2\/types\/page"}],"author":[{"embeddable":true,"href":"https:\/\/projetosacusticos.com.br\/es\/wp-json\/wp\/v2\/users\/1"}],"replies":[{"embeddable":true,"href":"https:\/\/projetosacusticos.com.br\/es\/wp-json\/wp\/v2\/comments?post=917"}],"version-history":[{"count":36,"href":"https:\/\/projetosacusticos.com.br\/es\/wp-json\/wp\/v2\/pages\/917\/revisions"}],"predecessor-version":[{"id":2657,"href":"https:\/\/projetosacusticos.com.br\/es\/wp-json\/wp\/v2\/pages\/917\/revisions\/2657"}],"wp:attachment":[{"href":"https:\/\/projetosacusticos.com.br\/es\/wp-json\/wp\/v2\/media?parent=917"}],"curies":[{"name":"wp","href":"https:\/\/api.w.org\/{rel}","templated":true}]}}