{"id":65,"date":"2015-06-15T10:08:50","date_gmt":"2015-06-15T10:08:50","guid":{"rendered":"http:\/\/wydethemes.com\/flora2\/?page_id=65"},"modified":"2023-01-26T12:57:49","modified_gmt":"2023-01-26T15:57:49","slug":"servicos","status":"publish","type":"page","link":"https:\/\/projetosacusticos.com.br\/es\/servicos\/","title":{"rendered":"SERVICIOS"},"content":{"rendered":"<div class=\"row l-padding\"  style=\"background-color:#80d5d8\">\n<div class=\"col col-12\"  style>\n    <div class=\"col-inner\"><div class=\"w-action-box vc_custom_1674748667711\">\n    <div class=\"w-content\">\n                <h3>\u00bfNECESITA UN PROYECTO PERSONALIZADO?<\/h3>\n                        <p>Por medio de programas de predicci\u00f3n ac\u00fastica, calculamos el d\u00e9ficit de aislamiento de cada sistema constructivo (paredes, puertas, ventanas, forros, tejados, pisos, etc.). Tras este primer acercamiento, especificamos el material correcto y su cantidad dentro de la mejor relaci\u00f3n costo-beneficio para que el cliente resuelva su problema de ruido de acuerdo a las exigencias del municipio.<\/p>\n            <\/div>\n        <div class=\"w-action-button\">\n    <a class=\"w-link-button large\"  style=\"color:#000000;border-color:#000000;\"  data-hover-color=\"#ffffff\"  href=\"https:\/\/projetosacusticos.com.br\/es\/contato\/\"  title=\"CONT\u00c1CTENOS\">\n    <span style=\"background-color:#000000\"><\/span>\n            CONT\u00c1CTENOS    <\/a>    <\/div>\n    <\/div>\n\n\n<\/div><\/div><\/div>\n<div class=\"row divider-2-cols\"  style=\"background-color:#f5f5f5\">\n<div class=\"col col-6\"  style>\n    <div class=\"col-inner\"><div class=\"w-space\"  style=\"height:20px\"><\/div><div data-animation=\"fadeInUp\"  class=\"w-info-box w-medium w-left w-none w-animation vc_custom_1583787088395\">\n    <div class=\"w-header\">\n                <span class=\"w-icon\"  style=\"color:#000000\">\n            <i class=\"fa fa-microphone\"><\/i>\n            <span class=\"w-border\"  style=\"color:#000000\"><\/span>\n        <\/span>\n                        <h3>MEDICI\u00d3N AC\u00daSTICA \u2013 INFORME Y PERITAJE<\/h3>\n            <\/div>\n        <div class=\"w-content\">\n        <p>Medici\u00f3n de los niveles de presi\u00f3n sonora de acuerdo con las normas establecidas por la <strong>ABNT (NBR 10.151: 2019).<\/strong>Los registros ac\u00fasticos ser\u00e1n realizados en frecuencias comprendidas entre 20 Hz y 20.000 Hz en 1\/3 de octava, en los circuitos de respuestas dB (A).<\/p>\n                        <a class=\"w-link-button small\"  href=\"#\">\n    <span><\/span>\n        <i class=\"flora-icon-right-small\"><\/i>\n            Read More    <\/a>            <\/div>\n    <\/div>\n\n\n<\/div><\/div><div class=\"col col-6\"  style>\n    <div class=\"col-inner\"><div class=\"w-space\"  style=\"height:20px\"><\/div><div data-animation=\"fadeInUp\"  class=\"w-info-box w-medium w-left w-none w-animation vc_custom_1583444314242\">\n    <div class=\"w-header\">\n                <span class=\"w-icon\"  style=\"color:#000000\">\n            <i class=\"fa fa-bar-chart\"><\/i>\n            <span class=\"w-border\"  style=\"color:#000000\"><\/span>\n        <\/span>\n                        <h3>AC\u00daSTICA GEOM\u00c9TRICA<\/h3>\n            <\/div>\n        <div class=\"w-content\">\n        <p>Se desarrollar\u00e1 sobre modelos inform\u00e1ticos te\u00f3ricos, lo que permitir\u00e1 evaluar la geometr\u00eda del lugar, detectar posibles ecos e indicar la mejor ubicaci\u00f3n de los materiales ac\u00fasticos. Definiendo la ubicaci\u00f3n de la fuente y el receptor en varios lugares de la sala, podremos observar el recorrido de los rayos sonoros y d\u00f3nde se reflejan, as\u00ed como el tiempo y la intensidad de cada rayo reflejado en relaci\u00f3n con el rayo directo (Nivel VS Directo).<\/p>\n                        <a class=\"w-link-button small\"  href=\"#\"  title=\"Leia Mais\">\n    <span><\/span>\n        <i class=\"flora-icon-right-small\"><\/i>\n            Leia Mais    <\/a>            <\/div>\n    <\/div>\n\n\n<\/div><\/div><div class=\"col col-6\"  style>\n    <div class=\"col-inner\"><div data-animation=\"fadeInUp\"  class=\"w-info-box w-medium w-left w-none w-animation vc_custom_1583444512665\">\n    <div class=\"w-header\">\n                <span class=\"w-icon\"  style=\"color:#000000\">\n            <i class=\"fa fa-leaf\"><\/i>\n            <span class=\"w-border\"  style=\"color:#000000\"><\/span>\n        <\/span>\n                        <h3>LICENCIA AMBIENTAL Y ZONIFICACI\u00d3N AC\u00daSTICA<\/h3>\n            <\/div>\n        <div class=\"w-content\">\n        <p>La responsabilidad ambiental se incorpora cada vez m\u00e1s a las pol\u00edticas fundamentales de las grandes empresas. En una visi\u00f3n moderna, los modelos de gesti\u00f3n ambiental se basan en el principio de la mejora continua, donde el objetivo es la capacidad de controlar los efectos ambientales de sus propias actividades, productos y servicios, pudiendo avanzar hacia la reducci\u00f3n sistem\u00e1tica de los impactos ambientales actuales.<\/p>\n                        <a class=\"w-link-button small\"  href=\"#\">\n    <span><\/span>\n        <i class=\"flora-icon-right-small\"><\/i>\n            Read More    <\/a>            <\/div>\n    <\/div>\n\n\n<\/div><\/div><div class=\"col col-6\"  style>\n    <div class=\"col-inner\"><div data-animation=\"fadeInUp\"  class=\"w-info-box w-medium w-left w-none w-animation vc_custom_1583444533651\">\n    <div class=\"w-header\">\n                <span class=\"w-icon\"  style=\"color:#000000\">\n            <i class=\"fa fa-tachometer\"><\/i>\n            <span class=\"w-border\"  style=\"color:#000000\"><\/span>\n        <\/span>\n                        <h3>TIEMPO DE REVERBERACI\u00d3N<\/h3>\n            <\/div>\n        <div class=\"w-content\">\n        <p>El tiempo de reverberaci\u00f3n (Tr) de un recinto es el indicador por excelencia de su comportamiento ac\u00fastico. Viene determinado por el volumen de la sala y por los coeficientes de absorci\u00f3n ac\u00fastica de los materiales de revestimiento y los equipos instalados en su interior. Los valores \u00f3ptimos de Tr, para las seis bandas de octava principales, 125 Hz, 250 Hz, 500 Hz, 1000 Hz, 2000 Hz y 4000 Hz, en funci\u00f3n del volumen de la sala y del uso que se haga de ella.<\/p>\n                        <a class=\"w-link-button small\"  href=\"#\">\n    <span><\/span>\n        <i class=\"flora-icon-right-small\"><\/i>\n            Read More    <\/a>            <\/div>\n    <\/div>\n\n\n<\/div><\/div><div class=\"col col-6\"  style>\n    <div class=\"col-inner\"><div data-animation=\"fadeInUp\"  class=\"w-info-box w-medium w-left w-none w-animation vc_custom_1583789697553\">\n    <div class=\"w-header\">\n                <span class=\"w-icon\"  style=\"color:#000000\">\n            <i class=\"fa fa-building\"><\/i>\n            <span class=\"w-border\"  style=\"color:#000000\"><\/span>\n        <\/span>\n                        <h3>ACONDICIONAMIENTO AC\u00daSTICO<\/h3>\n            <\/div>\n        <div class=\"w-content\">\n        <p>Por medio de un modelado ac\u00fastico tridimensional realizado con programas de predicci\u00f3n ac\u00fastica, evaluaremos todas las ondas sonoras, sus trayectorias, intensidades y reflexiones hasta el quinto orden. Para cada dise\u00f1o, se evaluar\u00e1n m\u00e1s de 10 000 rayos sonoros con diferentes posiciones de FUENTES y RECEPTORES, lo que permitir\u00e1 una ac\u00fastica geom\u00e9trica optimizada con una sonoridad de excelencia en diferentes ubicaciones del recinto.<br \/>\nNabinger calcula y proporciona todos los descriptores ac\u00fasticos de acuerdo con las recomendaciones internacionales, tales como: TIEMPO DE REVERBERACI\u00d3N, TRAZADO DE RAYOS, INTELIGIBILIDAD DE PALABRAS %AL CONS, STI, CLARIDAD C5, C50, C100, D\/R RATIO, HOTSPOT, DISTANCIA CR\u00cdTICA, SONORIDAD, etc...<\/p>\n                        <a class=\"w-link-button small\"  href=\"#\">\n    <span><\/span>\n        <i class=\"flora-icon-right-small\"><\/i>\n            Read More    <\/a>            <\/div>\n    <\/div>\n\n\n<\/div><\/div><div class=\"col col-6\"  style>\n    <div class=\"col-inner\"><div data-animation=\"fadeInUp\"  class=\"w-info-box w-medium w-left w-none w-animation vc_custom_1583522696998\">\n    <div class=\"w-header\">\n                <span class=\"w-icon\"  style=\"color:#000000\">\n            <i class=\"fa fa-rss-square\"><\/i>\n            <span class=\"w-border\"  style=\"color:#000000\"><\/span>\n        <\/span>\n                        <h3>PROYECTO DE AISLAMIENTO AC\u00daSTICO<\/h3>\n            <\/div>\n        <div class=\"w-content\">\n        <div><span style=\"color: #201f1e;\">A trav\u00e9s del DIAGN\u00d3STICO DE SISTEMAS CONSTRUCTIVOS es calculado el D\u00c9FICIT DE AISLAMIENTO AC\u00daSTICO por frecuencia en 1\/3 de octava Hz (Hertz) y con\u00a0<\/span>programas internacionales de ac\u00fastica son realizados proyectos de correcci\u00f3n de este d\u00e9ficit para atender a la ordenanza MUNICIPAL y FEDERAL de ruido (NBR 10.151 y NBR 10.152).<\/div>\n<div><\/div>\n<div><strong>Objetivo 1:<\/strong> encuadrar el ruido dentro de las leyes municipales y federales (NBR 10.151)<\/div>\n<div><strong>Objetivo 2:<\/strong> proporcionar confort ac\u00fastico al usuario (NBR 10.152)<\/div>\n                        <a class=\"w-link-button small\"  href=\"#\">\n    <span><\/span>\n        <i class=\"flora-icon-right-small\"><\/i>\n            Read More    <\/a>            <\/div>\n    <\/div>\n\n\n<\/div><\/div><\/div>","protected":false},"excerpt":{"rendered":"Precisa de um projeto personalizado? Atrav\u00e9s de softwares de predi\u00e7\u00e3o ac\u00fastica, calculamos qual o deficit de isolamento de cada sistema construtivo (paredes, portas, janelas, forros, telhados, pisos, etc...). Ap\u00f3s essa primeira abordagem especificamos o material correto e sua quantidade dentro do melhor custo benef\u00edcio para o cliente resolver seu problema de ru\u00eddo conforme exigencias do [...]","protected":false},"author":1,"featured_media":0,"parent":0,"menu_order":0,"comment_status":"closed","ping_status":"open","template":"","meta":{"footnotes":""},"_links":{"self":[{"href":"https:\/\/projetosacusticos.com.br\/es\/wp-json\/wp\/v2\/pages\/65"}],"collection":[{"href":"https:\/\/projetosacusticos.com.br\/es\/wp-json\/wp\/v2\/pages"}],"about":[{"href":"https:\/\/projetosacusticos.com.br\/es\/wp-json\/wp\/v2\/types\/page"}],"author":[{"embeddable":true,"href":"https:\/\/projetosacusticos.com.br\/es\/wp-json\/wp\/v2\/users\/1"}],"replies":[{"embeddable":true,"href":"https:\/\/projetosacusticos.com.br\/es\/wp-json\/wp\/v2\/comments?post=65"}],"version-history":[{"count":43,"href":"https:\/\/projetosacusticos.com.br\/es\/wp-json\/wp\/v2\/pages\/65\/revisions"}],"predecessor-version":[{"id":2777,"href":"https:\/\/projetosacusticos.com.br\/es\/wp-json\/wp\/v2\/pages\/65\/revisions\/2777"}],"wp:attachment":[{"href":"https:\/\/projetosacusticos.com.br\/es\/wp-json\/wp\/v2\/media?parent=65"}],"curies":[{"name":"wp","href":"https:\/\/api.w.org\/{rel}","templated":true}]}}