{"id":6,"date":"2015-06-15T09:27:13","date_gmt":"2015-06-15T09:27:13","guid":{"rendered":"http:\/\/wydethemes.com\/flora2\/?page_id=6"},"modified":"2023-01-26T10:37:05","modified_gmt":"2023-01-26T13:37:05","slug":"sobre-a-nabinger","status":"publish","type":"page","link":"https:\/\/projetosacusticos.com.br\/es\/sobre-a-nabinger\/","title":{"rendered":"Sobre Nabinger"},"content":{"rendered":"<div class=\"row vc_custom_1438669324281\">\n<div class=\"col col-12 text-center\"  style>\n    <div class=\"col-inner\"><div class=\"w-custom-heading\">\n    <h2 style=\"font-size: 32px;color: #333333;line-height: 44px;text-align: center;font-family:Montserrat;font-weight:700;font-style:normal\">    Sobre Nabinger    <\/h2><\/div><div class=\"w-space\"  style=\"height:10px\"><\/div><span class=\"w-icon-block w-large w-none\"  style=\"color:#7f6c4c\">\n                        <i class=\"flora-icon-zigzag-1\"><\/i>\n            <\/span><div class=\"w-space\"  style=\"height:20px\"><\/div><div class=\"w-custom-heading vc_custom_1582438229312\">\n    <p style=\"font-size: 24px;color: #999999;line-height: 36px;text-align: center;font-family:Lato;font-weight:300;font-style:normal\">    Habiendo cursado su educaci\u00f3n b\u00e1sica en Francia y hoy arquitecto y M\u00e1ster en Ingenier\u00eda Civil con \u00c9nfasis en Ac\u00fastica de Aeropuertos (evalu\u00f3 el plano de zonificaci\u00f3n ac\u00fastica del aeropuerto Salgado Filho en colaboraci\u00f3n con el Instituto COPPE \u2013 UFRJ). En la actualidad, el arquitecto es tambi\u00e9n profesor de Ac\u00fastica Arquitect\u00f3nica en la carrera de posgrado de la UniRitter Laureate International Universities.<br \/>\nTrabaj\u00f3 durante muchos a\u00f1os en investigaciones ac\u00fasticas que le valieron un total de ocho publicaciones internacionales en eventos ac\u00fasticos.<br \/>\nEn 2007 fue uno de los invitados especiales del mayor congreso mundial de ac\u00fastica, INTERNOISE, celebrado en Lille, Francia, para brindar una conferencia en el sal\u00f3n principal del evento sobre su trabajo realizado en los t\u00faneles bal\u00edsticos de la Compa\u00f1\u00eda Brasile\u00f1a de Cartuchos (CBC). Este trabajo aport\u00f3 importantes avances en el \u00e1mbito internacional. Con el uso de innovaci\u00f3n, cambi\u00f3 los conceptos de intervenciones ac\u00fasticas en los t\u00faneles bal\u00edsticos, adaptando el concepto de los resonadores tipo Helmholtz (presentes en los teatros griegos) para un nuevo tipo de uso, entre otros.<br \/>\nEn 2006 particip\u00f3 en la elaboraci\u00f3n de la Norma de Desempe\u00f1o Ac\u00fastico (NBR 15.575), para edificaciones de car\u00e1cter residencial, hoy en vigor en todo el territorio nacional a trav\u00e9s de la publicaci\u00f3n A casa alvorada, solicitada por el gobierno brasile\u00f1o al N\u00facleo Orientado a la Innovaci\u00f3n de la Edificaci\u00f3n (NORIE) de la Universidad Federal de Rio Grande do Sul (UFRGS).    <\/p><\/div><div class=\"w-space\"  style=\"height:50px\"><\/div><div data-animation=\"fadeInUp\"  class=\"w-image text-center w-animation\"  style>\n        <img decoding=\"async\" src=\"https:\/\/projetosacusticos.com.br\/wp-content\/uploads\/2020\/01\/nabinger-pic.jpg\" alt=\"\" \/>\n    <\/div>\n<\/div><\/div><\/div>\n<div class=\"row w-full no-padding w-v-align w-middle\"  style=\"background-color:#f5f5f5\">\n<div class=\"col col-6 l-padding text-center\"  style>\n    <div class=\"col-inner\"><span class=\"w-icon-block w-large w-none\"  style=\"color:#000000\">\n                        <i class=\"linecons-study\"><\/i>\n            <\/span><div class=\"w-space\"  style=\"height:60px\"><\/div><div class=\"w-heading title-5\">\n     \n    <h2>FORMACI\u00d3N ACAD\u00c9MICA\/T\u00cdTULOS<\/h2>\n        <\/div><div class=\"w-text-block\">\n    <ul>\n<li style=\"text-align: left;\"><strong>2003 &#8211; 2005<\/strong><br \/>\nM\u00e1ster en Ingenier\u00eda Civil.<br \/>\nUniversidad Federal de Rio Grande do Sul (UFRGS), Porto Alegre, Brasil. T\u00edtulo: MEDICIONES DE RUIDO AERON\u00c1UTICO DENTRO DEL \u00c1REA II DEL PLAN ESPEC\u00cdFICO DE ZONIFICACI\u00d3N AC\u00daSTICA DEL AEROPUERTO SALGADO FILHO, PORTO ALEGRE, RIO GRANDE DO SUL. A\u00f1o: 2005. Director: Miguel Aloysio Sattler.<\/li>\n<li style=\"text-align: left;\"><strong>1995 &#8211; 2001<\/strong><br \/>\nGrado en Arquitectura y Urbanismo.<br \/>\nFacultades integradas del Instituto Ritter dos Reis, FAIR, Brasil. T\u00edtulo: Librer\u00eda-galer\u00eda con caf\u00e9-bar.<br \/>\nDirector: Renato Marques. Becario de las Facultades Integradas del Instituto Ritter dos Reis.<\/li>\n<\/ul>\n<p style=\"text-align: left;\"><strong>FORMACI\u00d3N COMPLEMENTARIA<\/strong><\/p>\n<ul>\n<li style=\"text-align: left;\"><strong>2010<\/strong><br \/>\nEspecializaci\u00f3n (MBA) en Gesti\u00f3n de Obras Civiles.<br \/>\nFundaci\u00f3n Getulio Vargas, Brasil.<\/li>\n<li style=\"text-align: left;\"><strong>2001 &#8211; 2001<\/strong><br \/>\nExtensi\u00f3n universitaria en Arquitectura y Urbanismo. Facultades Integradas del Instituto Ritter dos Reis, FAIR, Brasil.<\/li>\n<\/ul>\n<\/div><\/div><\/div><div class=\"col col-6 no-padding text-center\"  style>\n    <div class=\"col-inner\"><div class=\"w-image text-left w-responsive\"  style>\n    <div style=\"background-image:url('https:\/\/projetosacusticos.com.br\/wp-content\/uploads\/2015\/06\/flora-pic-82.jpg')\"><\/div>    <img decoding=\"async\" src=\"https:\/\/projetosacusticos.com.br\/wp-content\/uploads\/2015\/06\/flora-pic-82.jpg\" alt=\"\" \/>\n    <\/div>\n<\/div><\/div><\/div>\n<div class=\"row w-full no-padding w-v-align w-middle\"  style=\"background-color:#f5f5f5\">\n<div class=\"col col-6 no-padding\"  style>\n    <div class=\"col-inner\"><div class=\"w-image text-left w-responsive\"  style>\n    <div style=\"background-image:url('https:\/\/projetosacusticos.com.br\/wp-content\/uploads\/2020\/01\/VINTAGE_GARAGEBAND-scaled.jpg')\"><\/div>    <img decoding=\"async\" src=\"https:\/\/projetosacusticos.com.br\/wp-content\/uploads\/2020\/01\/VINTAGE_GARAGEBAND-scaled.jpg\" alt=\"\" \/>\n    <\/div>\n<\/div><\/div><div class=\"col col-6 l-padding text-center vc_custom_1581105939921\"  style>\n    <div class=\"col-inner\"><span class=\"w-icon-block w-large w-none\"  style=\"color:#000000\">\n                        <i class=\"etline-megaphone\"><\/i>\n            <\/span><div class=\"w-space\"  style=\"height:60px\"><\/div><div class=\"w-heading title-5\">\n     \n    <h2>\u00bfPOR QU\u00c9 CONTRATAR A NABINGER PROYECTOS AC\u00daSTICOS?<\/h2>\n        <\/div><div class=\"w-text-block\">\n    <p style=\"text-align: left;\">El primer paso para una correcta intervenci\u00f3n es realizar una medici\u00f3n ac\u00fastica (el decibel\u00edmetro no sirve) siguiendo la legislaci\u00f3n vigente en el municipio. Los materiales denominados \u201cac\u00fasticos\u201d no existen a priori. Todos los materiales son aislantes ac\u00fasticos, lo importante es descubrir cu\u00e1l es el material de menor costo para alcanzar el aislamiento necesario para cada caso.<\/p>\n<p style=\"text-align: left;\">Muchos clientes acuden a nosotros tras una intervenci\u00f3n ac\u00fastica fallida. Vendedores sin ninguna cualificaci\u00f3n t\u00e9cnica necesaria ni tecnolog\u00eda apropiada (programas de predicci\u00f3n, equipos de medici\u00f3n ac\u00fastica por frecuencias, etc.) est\u00e1n realizando especificaciones err\u00f3neas.<\/p>\n<p style=\"text-align: left;\">\u00a1No somos vendedores de material! Por medio de programas de predicci\u00f3n ac\u00fastica, calculamos el d\u00e9ficit de aislamiento de cada sistema constructivo (paredes, puertas, ventanas, forros, tejados, pisos, etc.). Tras este primer acercamiento, especificamos el material correcto y su cantidad dentro de la mejor relaci\u00f3n costo-beneficio para que el cliente resuelva su problema de ruido de acuerdo a las exigencias del municipio.<\/p>\n<\/div><\/div><\/div><\/div>\n<div class=\"row no-padding\"  style=\"background-color:#80d5d8\">\n<div class=\"col col-12\"  style>\n    <div class=\"col-inner\"><div class=\"w-action-box\">\n    <div class=\"w-content\">\n                <h3>\u00bfNECESITA UN PROYECTO PERSONALIZADO?<\/h3>\n                        <p>Por medio de programas de predicci\u00f3n ac\u00fastica, calculamos el d\u00e9ficit de aislamiento de cada sistema constructivo (paredes, puertas, ventanas, forros, tejados, pisos, etc.). Tras este primer acercamiento, especificamos el material correcto y su cantidad dentro de la mejor relaci\u00f3n costo-beneficio para que el cliente resuelva su problema de ruido de acuerdo a las exigencias del municipio.<\/p>\n            <\/div>\n        <div class=\"w-action-button\">\n    <a class=\"w-link-button large\"  style=\"color:#211f1e;border-color:#211f1e;\"  data-hover-color=\"#ffffff\"  href=\"https:\/\/projetosacusticos.com.br\/es\/contato\/\"  title=\"CONT\u00c1CTENOS\">\n    <span style=\"background-color:#211f1e\"><\/span>\n            CONT\u00c1CTENOS    <\/a>    <\/div>\n    <\/div>\n\n\n<\/div><\/div><\/div>","protected":false},"excerpt":{"rendered":"Sobre a Nabinger Graduado pelo ensino b\u00e1sico na Fran\u00e7a o hoje Arquiteto e Mestre em engenharia civil com \u00eanfase em ac\u00fastica de aeroportos (Avaliou o Plano de Zoneamento de Ru\u00eddo - PZR do Aeroporto Salgado Filho em com colabora\u00e7\u00e3o da COPPE - UFRJ). O arquiteto hoje \u00e9 professor da disciplina de ac\u00fastica arquitet\u00f4nica no curso [...]","protected":false},"author":1,"featured_media":0,"parent":0,"menu_order":0,"comment_status":"closed","ping_status":"open","template":"","meta":{"footnotes":""},"_links":{"self":[{"href":"https:\/\/projetosacusticos.com.br\/es\/wp-json\/wp\/v2\/pages\/6"}],"collection":[{"href":"https:\/\/projetosacusticos.com.br\/es\/wp-json\/wp\/v2\/pages"}],"about":[{"href":"https:\/\/projetosacusticos.com.br\/es\/wp-json\/wp\/v2\/types\/page"}],"author":[{"embeddable":true,"href":"https:\/\/projetosacusticos.com.br\/es\/wp-json\/wp\/v2\/users\/1"}],"replies":[{"embeddable":true,"href":"https:\/\/projetosacusticos.com.br\/es\/wp-json\/wp\/v2\/comments?post=6"}],"version-history":[{"count":56,"href":"https:\/\/projetosacusticos.com.br\/es\/wp-json\/wp\/v2\/pages\/6\/revisions"}],"predecessor-version":[{"id":2776,"href":"https:\/\/projetosacusticos.com.br\/es\/wp-json\/wp\/v2\/pages\/6\/revisions\/2776"}],"wp:attachment":[{"href":"https:\/\/projetosacusticos.com.br\/es\/wp-json\/wp\/v2\/media?parent=6"}],"curies":[{"name":"wp","href":"https:\/\/api.w.org\/{rel}","templated":true}]}}