{"id":35,"date":"2015-06-15T09:42:48","date_gmt":"2015-06-15T09:42:48","guid":{"rendered":"http:\/\/wydethemes.com\/flora2\/?page_id=35"},"modified":"2020-03-13T20:13:53","modified_gmt":"2020-03-13T23:13:53","slug":"destaques","status":"publish","type":"page","link":"https:\/\/projetosacusticos.com.br\/es\/destaques\/","title":{"rendered":"Proyectos Destacados"},"content":{"rendered":"<div class=\"row m-padding\">\n<div class=\"col col-12\"  style>\n    <div class=\"col-inner\">      \n<div class=\"w-blog-posts w-large\">\n    <ul class=\"w-view clear\">\n            <li class=\"w-item\">\n        <article id=\"post-531\" class=\"post-531 post type-post status-publish format-standard has-post-thumbnail hentry category-sem-categoria\">\n    \n    <span class=\"meta-date\"> <a href=\"https:\/\/projetosacusticos.com.br\/es\/2020\/01\/09\/\" rel=\"bookmark\"><time class=\"entry-date published\" datetime=\"2020-01-09T07:10:17-03:00\"><strong>09<\/strong><span><em>Ene<\/em><em>2020<\/em><\/span><\/time><time class=\"updated\" datetime=\"2020-03-13T20:23:41-03:00\"><strong>13<\/strong><span><em>Mar<\/em><em>2020<\/em><\/span><\/time><\/a><\/span>    <h3 class=\"post-title entry-title\"><a href=\"https:\/\/projetosacusticos.com.br\/es\/universidade-inaugura-infraestrutura-completa-para-producao-audiovisual\/\" title=\"UNIVERSIDAD INAUGURA INFRAESTRUCTURA COMPLETA PARA PRODUCCI\u00d3N AUDIOVISUAL\" rel=\"bookmark\">UNIVERSIDAD INAUGURA INFRAESTRUCTURA COMPLETA PARA PRODUCCI\u00d3N AUDIOVISUAL<\/a><\/h3>        <div class=\"post-media\">\n                    \t        <div>\n                <a href=\"https:\/\/projetosacusticos.com.br\/es\/universidade-inaugura-infraestrutura-completa-para-producao-audiovisual\/\">\n                    <img decoding=\"async\" src=\"https:\/\/projetosacusticos.com.br\/wp-content\/uploads\/2020\/02\/tecna6.jpg\" alt=\"UNIVERSIDAD INAUGURA INFRAESTRUCTURA COMPLETA PARA PRODUCCI\u00d3N AUDIOVISUAL\" \/>\n                                    <\/a>\n\t        <\/div>\n\t            <\/div>\n        <div class=\"post-meta\">\n                                <div class=\"meta-right\">\n                          \n        <\/div>\n    <\/div>\n    <div class=\"post-summary entry-summary clear\">\n    <p>Tecna PUCRS (recientemente utilizado por Netflix y con tecnolog\u00eda thx-imax de George Lucas). Nabinger dise\u00f1\u00f3, ejecut\u00f3 y realiz\u00f3 la supervisi\u00f3n de la construcci\u00f3n de los estudios de cine m\u00e1s modernos de Am\u00e9rica Latina. Fue posible certificar las salas con el sistema ac\u00fastico m\u00e1s avanzado para salas de cine: el sistema thx, creado por George Lucas. Proyectamos cinco estudios de cine para rodajes, tres salas de mezcla, una sala de grabaci\u00f3n de m\u00fasica y robustos sistemas de aire acondicionado para todo el complejo. <a href=\"https:\/\/projetosacusticos.com.br\/es\/universidade-inaugura-infraestrutura-completa-para-producao-audiovisual\/\">Leia a mat\u00e9ria na integra<\/a><\/p>\n    <\/div>\n    <\/article>    \n        <\/li>\n            <li class=\"w-item\">\n        <article id=\"post-507\" class=\"post-507 post type-post status-publish format-standard has-post-thumbnail hentry category-sem-categoria\">\n    \n    <span class=\"meta-date\"> <a href=\"https:\/\/projetosacusticos.com.br\/es\/2020\/01\/08\/\" rel=\"bookmark\"><time class=\"entry-date published\" datetime=\"2020-01-08T15:50:26-03:00\"><strong>08<\/strong><span><em>Ene<\/em><em>2020<\/em><\/span><\/time><time class=\"updated\" datetime=\"2020-03-13T20:24:34-03:00\"><strong>13<\/strong><span><em>Mar<\/em><em>2020<\/em><\/span><\/time><\/a><\/span>    <h3 class=\"post-title entry-title\"><a href=\"https:\/\/projetosacusticos.com.br\/es\/gremio-arena\/\" title=\"Gr\u00eamio Arena\" rel=\"bookmark\">Gr\u00eamio Arena<\/a><\/h3>        <div class=\"post-media\">\n                    \t        <div>\n                <a href=\"https:\/\/projetosacusticos.com.br\/es\/gremio-arena\/\">\n                    <img decoding=\"async\" src=\"https:\/\/projetosacusticos.com.br\/wp-content\/uploads\/2015\/05\/arena2.jpg\" alt=\"Gr\u00eamio Arena\" \/>\n                                    <\/a>\n\t        <\/div>\n\t            <\/div>\n        <div class=\"post-meta\">\n                                <div class=\"meta-right\">\n                          \n        <\/div>\n    <\/div>\n    <div class=\"post-summary entry-summary clear\">\n    <p>Nabinger fue contratada por la empresa de construcci\u00f3n OAS para realizar el Estudio de Impacto Ambiental (EIA) e Informe de Impacto Ambiental (RIMA) de los dos estadios de Gr\u00eamio - ESTADIO OL\u00cdMPICO -. La demolici\u00f3n e inserci\u00f3n de un gran emprendimiento inmobiliario que envuelve hotel, shopping y torres residenciales. La construcci\u00f3n del emprendimiento ARENA DO GR\u00caMIO que incluye el nuevo estadio de Gr\u00eamio, un centro de entrenamiento, un complejo residencial de seis torres, un shopping, un hotel y estacionamientos. <a href=\"https:\/\/projetosacusticos.com.br\/es\/gremio-arena\/\">Leia a mat\u00e9ria na integra<\/a><\/p>\n    <\/div>\n    <\/article>    \n        <\/li>\n            <li class=\"w-item\">\n        <article id=\"post-504\" class=\"post-504 post type-post status-publish format-standard has-post-thumbnail hentry category-sem-categoria\">\n    \n    <span class=\"meta-date\"> <a href=\"https:\/\/projetosacusticos.com.br\/es\/2020\/01\/08\/\" rel=\"bookmark\"><time class=\"entry-date published\" datetime=\"2020-01-08T15:46:00-03:00\"><strong>08<\/strong><span><em>Ene<\/em><em>2020<\/em><\/span><\/time><time class=\"updated\" datetime=\"2020-03-13T20:25:00-03:00\"><strong>13<\/strong><span><em>Mar<\/em><em>2020<\/em><\/span><\/time><\/a><\/span>    <h3 class=\"post-title entry-title\"><a href=\"https:\/\/projetosacusticos.com.br\/es\/angola-cables\/\" title=\"Angola Cables\" rel=\"bookmark\">Angola Cables<\/a><\/h3>        <div class=\"post-media\">\n                    \t        <div>\n                <a href=\"https:\/\/projetosacusticos.com.br\/es\/angola-cables\/\">\n                    <img decoding=\"async\" src=\"https:\/\/projetosacusticos.com.br\/wp-content\/uploads\/2020\/02\/angola-cables-960x540.png\" alt=\"Angola Cables\" \/>\n                                    <\/a>\n\t        <\/div>\n\t            <\/div>\n        <div class=\"post-meta\">\n                                <div class=\"meta-right\">\n                          \n        <\/div>\n    <\/div>\n    <div class=\"post-summary entry-summary clear\">\n    <p>Con el uso de programas de predicci\u00f3n y modelado ac\u00fastico, se realiz\u00f3 el dise\u00f1o y la ejecuci\u00f3n del aislamiento ac\u00fastico para dos data centers, Monet y SACS, que operan con fibra \u00f3ptica sumergida en el oc\u00e9ano Atl\u00e1ntico, conectando Fortaleza a Angola y Fortaleza a Miami. Con dise\u00f1o y fabricaci\u00f3n propios: dise\u00f1amos, suministramos e instalamos puertas ac\u00fasticas, atenuadores ac\u00fasticos, silenciadores para generadores, incluso de puntas ac\u00fasticas, realizando toda la canalizaci\u00f3n de los gases de escape de los generadores encerrados en el exterior, dise\u00f1amos y ejecutamos barreras ac\u00fasticas y atenuadores rectangulares para contener los ruidos de los condensadores. <a href=\"https:\/\/projetosacusticos.com.br\/es\/angola-cables\/\">Leia a mat\u00e9ria na integra<\/a><\/p>\n    <\/div>\n    <\/article>    \n        <\/li>\n            <li class=\"w-item\">\n        <article id=\"post-501\" class=\"post-501 post type-post status-publish format-standard has-post-thumbnail hentry category-sem-categoria\">\n    \n    <span class=\"meta-date\"> <a href=\"https:\/\/projetosacusticos.com.br\/es\/2020\/01\/08\/\" rel=\"bookmark\"><time class=\"entry-date published\" datetime=\"2020-01-08T15:13:14-03:00\"><strong>08<\/strong><span><em>Ene<\/em><em>2020<\/em><\/span><\/time><time class=\"updated\" datetime=\"2020-03-13T20:25:24-03:00\"><strong>13<\/strong><span><em>Mar<\/em><em>2020<\/em><\/span><\/time><\/a><\/span>    <h3 class=\"post-title entry-title\"><a href=\"https:\/\/projetosacusticos.com.br\/es\/gjp-hoteis\/\" title=\"GJP Hot\u00e9is\" rel=\"bookmark\">GJP Hot\u00e9is<\/a><\/h3>        <div class=\"post-media\">\n                    \t        <div>\n                <a href=\"https:\/\/projetosacusticos.com.br\/es\/gjp-hoteis\/\">\n                    <img decoding=\"async\" src=\"https:\/\/projetosacusticos.com.br\/wp-content\/uploads\/2020\/02\/GJP-RJ-960x444.jpeg\" alt=\"GJP Hot\u00e9is\" \/>\n                                    <\/a>\n\t        <\/div>\n\t            <\/div>\n        <div class=\"post-meta\">\n                                <div class=\"meta-right\">\n                          \n        <\/div>\n    <\/div>\n    <div class=\"post-summary entry-summary clear\">\n    <p>\u00a0Construido especialmente para el Mundial de Brasil. Este es el \u00fanico hotel de Brasil dentro de la denominada zona 1 del aeropuerto. En esta zona no est\u00e1 permitida la construcci\u00f3n de edificios residenciales (habitaciones). El desaf\u00edo de este proyecto fue conseguir un aislamiento ac\u00fastico que proporcionara confort ac\u00fastico a los visitantes (NBR 10.152) en detrimento de la proximidad de las cabeceras de aterrizaje y despegue de las pistas de aeronaves del aeropuerto Gale\u00e3o. La soluci\u00f3n deber\u00eda abarcar tambi\u00e9n una nueva tecnolog\u00eda de construcci\u00f3n, de modo que pudiera construirse a tiempo para la Copa del Mundo de F\u00fatbol. <a href=\"https:\/\/projetosacusticos.com.br\/es\/gjp-hoteis\/\">Leia a mat\u00e9ria na integra<\/a><\/p>\n    <\/div>\n    <\/article>    \n        <\/li>\n        <\/ul>\n    <\/div><\/div><\/div><\/div>","protected":false},"excerpt":{"rendered":"\u00a0Constru\u00eddo especialmente para a Copa do Mundo do Brasil. Este \u00e9 o \u00fanico hotel no Brasil dentro da chamada zona 1 do aeroporto. Nesta zona n\u00e3o \u00e9 permitida a constru\u00e7\u00e3o de edif\u00edcios de cunho residencial (dormir), o desafio deste projeto foi realizar um isolamento ac\u00fastico que proporcionasse conforto ac\u00fastico aos usu\u00e1rios (NBR 10.152) em detrimento [...]","protected":false},"author":1,"featured_media":0,"parent":0,"menu_order":0,"comment_status":"closed","ping_status":"open","template":"","meta":{"footnotes":""},"_links":{"self":[{"href":"https:\/\/projetosacusticos.com.br\/es\/wp-json\/wp\/v2\/pages\/35"}],"collection":[{"href":"https:\/\/projetosacusticos.com.br\/es\/wp-json\/wp\/v2\/pages"}],"about":[{"href":"https:\/\/projetosacusticos.com.br\/es\/wp-json\/wp\/v2\/types\/page"}],"author":[{"embeddable":true,"href":"https:\/\/projetosacusticos.com.br\/es\/wp-json\/wp\/v2\/users\/1"}],"replies":[{"embeddable":true,"href":"https:\/\/projetosacusticos.com.br\/es\/wp-json\/wp\/v2\/comments?post=35"}],"version-history":[{"count":8,"href":"https:\/\/projetosacusticos.com.br\/es\/wp-json\/wp\/v2\/pages\/35\/revisions"}],"predecessor-version":[{"id":2654,"href":"https:\/\/projetosacusticos.com.br\/es\/wp-json\/wp\/v2\/pages\/35\/revisions\/2654"}],"wp:attachment":[{"href":"https:\/\/projetosacusticos.com.br\/es\/wp-json\/wp\/v2\/media?parent=35"}],"curies":[{"name":"wp","href":"https:\/\/api.w.org\/{rel}","templated":true}]}}