{"id":3,"date":"2019-12-26T19:20:34","date_gmt":"2019-12-26T22:20:34","guid":{"rendered":"https:\/\/projetosacusticos.com.br\/?page_id=3"},"modified":"2023-06-21T15:31:21","modified_gmt":"2023-06-21T18:31:21","slug":"politica-de-privacidade","status":"publish","type":"page","link":"https:\/\/projetosacusticos.com.br\/es\/politica-de-privacidade\/","title":{"rendered":"Pol\u00edtica de privacidade"},"content":{"rendered":"<h2 class=\"wp-block-heading\"><strong>POL\u00cdTICA PRIVACIDADE<\/strong><\/h2>\n\n\n\n<p>A sua privacidade \u00e9 importante para n\u00f3s. \u00c9 pol\u00edtica da Nabinger Projetos Ac\u00fasticos informar aos visitantes do nosso site sobre a coleta, uso, armazenamento, tratamento e prote\u00e7\u00e3o de seus dados pessoais, em conformidade com a Lei Geral de Prote\u00e7\u00e3o de Dados Pessoais ( Lei n. 13.709\/18 ), com o Marco Civil da Internet ( Lei n. 12.965\/14 ) e o Regulamento da EU n. 2016\/6790.<\/p>\n\n\n\n<p>Solicitamos dados pessoais de identifica\u00e7\u00e3o ( nome, e-mail, telefone ) &nbsp;apenas quando realmente precisamos delas para lhe oferecer uma melhor experi\u00eancia no conhecimento dos nossos servi\u00e7os. Destacamos que os dados fornecidos no formul\u00e1rio para encaminhamento de e-mail ou contato por WhatsApp n\u00e3o ficar\u00e3o dispon\u00edveis no site e somente ser\u00e3o acessados pelo respons\u00e1vel pelo fornecimento das respostas e contato posterior.<\/p>\n\n\n\n<p>Retemos as informa\u00e7\u00f5es coletadas apenas pelo tempo necess\u00e1rio para a presta\u00e7\u00e3o do servi\u00e7o solicitado, sendo que podem ser removidos ou anonimizados a pedido do usu\u00e1rio, ressalvas as hip\u00f3teses de conserva\u00e7\u00e3o, ap\u00f3s o t\u00e9rmino do seu tratamento, previstos no art. 16 da Lei n. 13.709\/18: a) cumprimento de obriga\u00e7\u00e3o legal ou regulat\u00f3ria pelo controlador; b) estudo por \u00f3rg\u00e3o de pesquisa, garantida, sempre que poss\u00edvel a anonimiza\u00e7\u00e3o dos dados pessoais; c) transfer\u00eancia a terceiro, desde que respeitados os requisitos de tratamento de dados dispostos nesta Lei; d) uso exclusivo do controlador, vedado seu acesso por terceiro, e desde que anonimizados os dados.<\/p>\n\n\n\n<p>Quando coletamos dados, aplicamos os meios de prote\u00e7\u00e3o comercialmente aceitos \u200b\u200bpara evitar perdas, bem como acesso, divulga\u00e7\u00e3o, c\u00f3pia, uso ou modifica\u00e7\u00e3o n\u00e3o autorizados e nos comprometemos a comunicar o usu\u00e1rio em caso de alguma viola\u00e7\u00e3o de seguran\u00e7a referente a seus dados pessoais.<\/p>\n\n\n\n<p>N\u00e3o compartilhamos informa\u00e7\u00f5es de identifica\u00e7\u00e3o pessoal publicamente ou com terceiros, exceto quando exigido por lei ou no caso do usu\u00e1rio autorizar a publica\u00e7\u00e3o de seu coment\u00e1rio p\u00fablico no site, identificando o seu nome.<\/p>\n\n\n\n<p>O nosso site pode ter links para sites externos que n\u00e3o s\u00e3o operados por n\u00f3s. Esteja ciente de que n\u00e3o temos controle sobre o conte\u00fado e pr\u00e1ticas desses sites e n\u00e3o podemos aceitar responsabilidade por suas respectivas pol\u00edticas de privacidade.<\/p>\n\n\n\n<p>Voc\u00ea \u00e9 livre para aceitar, cancelar e recusar a nossa solicita\u00e7\u00e3o de informa\u00e7\u00f5es pessoais, entendendo que talvez, nessas \u00faltimas hip\u00f3teses, n\u00e3o possamos fornecer alguns dos servi\u00e7os desejados.<\/p>\n\n\n\n<p>Se voc\u00ea tiver alguma d\u00favida sobre como tratamos seus dados pessoais, ou quiser exercer seus direitos de confirmar, corrigir ou cancelar os dados pessoais fornecidos, entre em contato conosco pelo e-mail\u00a0<a href=\"mailto:nabinger@projetosacusticos.com.br\">nabinger@projetosacusticos.com.br<\/a>.<\/p>\n\n\n\n<h2 class=\"wp-block-heading\">POL\u00cdTICA DE COOKIES<\/h2>\n\n\n\n<p><strong>O QUE S\u00c3O COOKIES?<\/strong><\/p>\n\n\n\n<p>Como \u00e9 pr\u00e1tica comum em quase todos os sites profissionais, este site usa cookies, que s\u00e3o pequenos arquivos baixados no seu computador, para melhorar sua experi\u00eancia. Esta p\u00e1gina descreve quais informa\u00e7\u00f5es eles coletam, como as usamos e por que \u00e0s vezes precisamos armazenar esses cookies. Tamb\u00e9m compartilharemos como voc\u00ea pode impedir que esses cookies sejam armazenados, no entanto, isso pode fazer o downgrade ou \u2018quebrar\u2019 certos elementos da funcionalidade do site.<\/p>\n\n\n\n<p><strong>COMO USAMOS OS COOKIES?<\/strong><\/p>\n\n\n\n<p>Utilizamos cookies por v\u00e1rios motivos, detalhados abaixo. Infelizmente, na maioria dos casos, n\u00e3o existem op\u00e7\u00f5es padr\u00e3o do setor para desativar os cookies sem desativar completamente a funcionalidade e os recursos que eles adicionam a este site. \u00c9 recomend\u00e1vel que voc\u00ea deixe todos os cookies se n\u00e3o tiver certeza se precisa ou n\u00e3o deles, caso sejam usados \u200b\u200bpara fornecer um servi\u00e7o que voc\u00ea usa.<\/p>\n\n\n\n<p><strong>DESATIVAR COOKIES<\/strong><\/p>\n\n\n\n<p>Voc\u00ea pode impedir a configura\u00e7\u00e3o de cookies ajustando as configura\u00e7\u00f5es do seu navegador (consulte a Ajuda do navegador para saber como fazer isso). Esteja ciente de que a desativa\u00e7\u00e3o de cookies afetar\u00e1 a funcionalidade deste e de muitos outros sites que voc\u00ea visita. A desativa\u00e7\u00e3o de cookies geralmente resultar\u00e1 na desativa\u00e7\u00e3o de determinadas funcionalidades e recursos deste site. Portanto, \u00e9 recomend\u00e1vel que voc\u00ea n\u00e3o desative os cookies.<\/p>\n\n\n\n<p><strong>COOKIES QUE DEFINIMOS<\/strong><\/p>\n\n\n\n<ul><li>Cookies relacionados a pesquisas: Periodicamente, oferecemos pesquisas e question\u00e1rios para fornecer informa\u00e7\u00f5es interessantes, ferramentas \u00fateis ou para entender nossa base de usu\u00e1rios com mais precis\u00e3o. Essas pesquisas podem usar cookies para lembrar quem j\u00e1 participou numa pesquisa ou para fornecer resultados precisos ap\u00f3s a altera\u00e7\u00e3o das p\u00e1ginas.<\/li><li>Cookies relacionados a formul\u00e1rios: Quando voc\u00ea envia dados por meio de um formul\u00e1rio como os encontrados nas p\u00e1ginas de contato ou nos formul\u00e1rios de coment\u00e1rios, os cookies podem ser configurados para lembrar os detalhes do usu\u00e1rio para correspond\u00eancia futura.<\/li><li>Cookies de prefer\u00eancias do site para proporcionar uma \u00f3tima experi\u00eancia neste site, fornecemos a funcionalidade para definir suas prefer\u00eancias de como esse site \u00e9 executado quando voc\u00ea o usa. Para lembrar suas prefer\u00eancias, precisamos definir cookies para que essas informa\u00e7\u00f5es possam ser chamadas sempre que voc\u00ea interagir com uma p\u00e1gina for afetada por suas prefer\u00eancias.<\/li><\/ul>\n\n\n\n<p><strong>COOKIES DE TERCEIROS<\/strong><\/p>\n\n\n\n<p>Em alguns casos especiais, tamb\u00e9m usamos cookies fornecidos por terceiros confi\u00e1veis. A se\u00e7\u00e3o a seguir detalha quais cookies de terceiros voc\u00ea pode encontrar atrav\u00e9s deste site.<\/p>\n\n\n\n<ul><li>Este site usa o Google Analytics, que \u00e9 uma das solu\u00e7\u00f5es de an\u00e1lise mais difundidas e confi\u00e1veis \u200b\u200bda Web, para nos ajudar a entender como voc\u00ea usa o site e como podemos melhorar sua experi\u00eancia. Esses cookies podem rastrear itens como quanto tempo voc\u00ea gasta no site e as p\u00e1ginas visitadas, para que possamos continuar produzindo conte\u00fado atraente.<\/li><\/ul>\n\n\n\n<p>Para mais informa\u00e7\u00f5es sobre cookies do Google Analytics, consulte a p\u00e1gina oficial do Google Analytics.<\/p>\n\n\n\n<ul><li>As an\u00e1lises de terceiros s\u00e3o usadas para rastrear e medir o uso deste site, para que possamos continuar produzindo conte\u00fado atrativo. Esses cookies podem rastrear itens como o tempo que voc\u00ea passa no site ou as p\u00e1ginas visitadas, o que nos ajuda a entender como podemos melhorar o site para voc\u00ea.<\/li><li>Periodicamente, testamos novos recursos e fazemos altera\u00e7\u00f5es sutis na maneira como o site se apresenta. Quando ainda estamos testando novos recursos, esses cookies podem ser usados \u200b\u200bpara garantir que voc\u00ea receba uma experi\u00eancia consistente enquanto estiver no site, enquanto entendemos quais otimiza\u00e7\u00f5es os nossos usu\u00e1rios mais apreciam.<\/li><li>Como prestamos um servi\u00e7o especializado, \u00e9 importante entendermos as estat\u00edsticas sobre quantos visitantes de nosso site realmente nos contatam e, portanto, esse \u00e9 o tipo de dados que esses cookies rastrear\u00e3o. Isso \u00e9 importante para voc\u00ea, pois significa que podemos fazer previs\u00f5es de neg\u00f3cios com precis\u00e3o que nos permitem analisar nossos custos e a qualidade do trabalho para garantir um constante aperfei\u00e7oamento.<\/li><\/ul>\n\n\n\n<p>Atualiza\u00e7\u00e3o em 21 de jun de 2023.<\/p>","protected":false},"excerpt":{"rendered":"<p>POL\u00cdTICA PRIVACIDADE A sua privacidade \u00e9 importante para n\u00f3s. \u00c9 pol\u00edtica da Nabinger Projetos Ac\u00fasticos informar aos visitantes do nosso site sobre a coleta, uso, armazenamento, tratamento e prote\u00e7\u00e3o de seus dados pessoais, em conformidade com a Lei Geral de Prote\u00e7\u00e3o de Dados Pessoais ( Lei n. 13.709\/18 ), com o Marco Civil da Internet [&hellip;]<\/p>","protected":false},"author":1,"featured_media":0,"parent":0,"menu_order":0,"comment_status":"closed","ping_status":"closed","template":"","meta":{"footnotes":""},"_links":{"self":[{"href":"https:\/\/projetosacusticos.com.br\/es\/wp-json\/wp\/v2\/pages\/3"}],"collection":[{"href":"https:\/\/projetosacusticos.com.br\/es\/wp-json\/wp\/v2\/pages"}],"about":[{"href":"https:\/\/projetosacusticos.com.br\/es\/wp-json\/wp\/v2\/types\/page"}],"author":[{"embeddable":true,"href":"https:\/\/projetosacusticos.com.br\/es\/wp-json\/wp\/v2\/users\/1"}],"replies":[{"embeddable":true,"href":"https:\/\/projetosacusticos.com.br\/es\/wp-json\/wp\/v2\/comments?post=3"}],"version-history":[{"count":3,"href":"https:\/\/projetosacusticos.com.br\/es\/wp-json\/wp\/v2\/pages\/3\/revisions"}],"predecessor-version":[{"id":2793,"href":"https:\/\/projetosacusticos.com.br\/es\/wp-json\/wp\/v2\/pages\/3\/revisions\/2793"}],"wp:attachment":[{"href":"https:\/\/projetosacusticos.com.br\/es\/wp-json\/wp\/v2\/media?parent=3"}],"curies":[{"name":"wp","href":"https:\/\/api.w.org\/{rel}","templated":true}]}}