{"id":917,"date":"2015-06-15T09:27:38","date_gmt":"2015-06-15T09:27:38","guid":{"rendered":"http:\/\/wydethemes.com\/flora2\/?page_id=8"},"modified":"2020-03-13T20:41:37","modified_gmt":"2020-03-13T23:41:37","slug":"desempenho-acustico","status":"publish","type":"page","link":"https:\/\/projetosacusticos.com.br\/en\/desempenho-acustico\/","title":{"rendered":"Acoustic Performance"},"content":{"rendered":"<div class=\"row w-full no-padding w-v-align w-middle\">\n<div class=\"col col-6 l-padding\"  style>\n    <div class=\"col-inner\"><div class=\"w-space\"  style=\"height:40px\"><\/div><div data-animation=\"fadeInUp\"  class=\"w-heading title-5 text-left w-animation\">\n     \n    <h2>Acoustic Performance<\/h2>\n        <\/div><div data-animation=\"fadeInUp\"  class=\"w-text-block w-animation\">\n    <p>In 2006, in partnership with the Brazilian government and UFRGS, Nabinger participated in the elaboration of the Acoustic Performance standard \u2013 NBR 15.575, for residential buildings, currently in force throughout the national territory, providing the necessary data for formatting it.<\/p>\n<\/div><div class=\"w-space\"  style=\"height:40px\"><\/div><\/div><\/div><div class=\"col col-6 no-padding text-center\"  style>\n    <div class=\"col-inner\"><div class=\"w-image text-center w-responsive\"  style>\n    <div style=\"background-image:url('https:\/\/projetosacusticos.com.br\/wp-content\/uploads\/2020\/03\/NBR.jpeg')\"><\/div>    <img decoding=\"async\" src=\"https:\/\/projetosacusticos.com.br\/wp-content\/uploads\/2020\/03\/NBR.jpeg\" alt=\"NBR\" \/>\n    <\/div>\n<\/div><\/div><\/div>\n<div class=\"row w-full no-padding w-v-align w-middle\">\n<div class=\"col col-6 no-padding text-center\"  style>\n    <div class=\"col-inner\"><div class=\"w-image text-center w-responsive\"  style>\n    <div style=\"background-image:url('https:\/\/projetosacusticos.com.br\/wp-content\/uploads\/2020\/02\/nine.jpeg')\"><\/div>    <img decoding=\"async\" src=\"https:\/\/projetosacusticos.com.br\/wp-content\/uploads\/2020\/02\/nine.jpeg\" alt=\"\" \/>\n    <\/div>\n<\/div><\/div><div class=\"col col-6 l-padding\"  style>\n    <div class=\"col-inner\"><div class=\"w-space\"  style=\"height:40px\"><\/div><div data-animation=\"fadeInUp\"  class=\"w-heading title-5 text-left w-animation\">\n     \n    <h2>Acoustic Performance<\/h2>\n        <\/div><div data-animation=\"fadeInUp\"  class=\"w-text-block w-animation\">\n    <p>We were also the forerunners in the application of this standard before its approval (projects and works) in renowned construction companies such as: OAS, ROSSI, MELNICK, CHIES, PAVEI, IVORIZZO, among others, among others of which today Nabinger signs the acoustic performance projects according to NBR 15.575.<\/p>\n<\/div><div class=\"w-space\"  style=\"height:40px\"><\/div><\/div><\/div><\/div>\n<div class=\"row vc_custom_1582258749735\"  style=\"background-color:#80d5d8\">\n<div class=\"col col-6\"  style>\n    <div class=\"col-inner\"><div class=\"w-text-block\">\n    <p><span style=\"color: #000000; font-size: 18px;\">Through NBR 15.575 <strong>criteria and methods for assessing the acoustic performance<\/strong> of five systems are defined:<\/span><\/p>\n<ul>\n<li><span style=\"color: #000000; font-size: 18px;\">1 \u2013 Hydraulic equipment and systems;<\/span><\/li>\n<li><span style=\"color: #000000; font-size: 18px;\">2 \u2013 Slabs between floors;<\/span><\/li>\n<li><span style=\"color: #000000; font-size: 18px;\">3 \u2013 Internal walls;<\/span><\/li>\n<li><span style=\"color: #000000; font-size: 18px;\">4 \u2013 External walls;<\/span><\/li>\n<li><span style=\"color: #000000; font-size: 18px;\">5 \u2013 Coverages.<\/span><\/li>\n<\/ul>\n<\/div><\/div><\/div><div class=\"col col-6\"  style>\n    <div class=\"col-inner\"><div class=\"w-text-block\">\n    <p><span style=\"color: #000000; font-size: 18px;\">NBR 15.575 defines 3 (three) levels of performance parameters:<\/span><\/p>\n<ul>\n<li><span style=\"color: #000000; font-size: 18px;\">1 \u2013 Minimum;<\/span><\/li>\n<li><span style=\"color: #000000; font-size: 18px;\">2 \u2013 Intermediate;<\/span><\/li>\n<li><span style=\"color: #000000; font-size: 18px;\">3 \u2013 Superior.<\/span><\/li>\n<\/ul>\n<p><span style=\"color: #000000; font-size: 18px;\">The \u201cminimum\u201d performance limit must be observed by any building, regardless of the number of floors.<\/span><\/p>\n<\/div><\/div><\/div><\/div>","protected":false},"excerpt":{"rendered":"Desempenho Ac\u00fastico No ano de 2006, em parceria com o governo Brasileiro e a UFRGS, a Nabinger participou da elabora\u00e7\u00e3o da norma de DESEMPENHO AC\u00daSTICO - NBR 15.575, para edifica\u00e7\u00f5es de cunho residencial, hoje vigente em todo o territ\u00f3rio Nacional, fornecendo os dados necess\u00e1rios para a formata\u00e7\u00e3o da mesma. Desempenho Ac\u00fastico Tamb\u00e9m fomos os precursores [...]","protected":false},"author":1,"featured_media":0,"parent":0,"menu_order":0,"comment_status":"closed","ping_status":"open","template":"","meta":{"footnotes":""},"_links":{"self":[{"href":"https:\/\/projetosacusticos.com.br\/en\/wp-json\/wp\/v2\/pages\/917"}],"collection":[{"href":"https:\/\/projetosacusticos.com.br\/en\/wp-json\/wp\/v2\/pages"}],"about":[{"href":"https:\/\/projetosacusticos.com.br\/en\/wp-json\/wp\/v2\/types\/page"}],"author":[{"embeddable":true,"href":"https:\/\/projetosacusticos.com.br\/en\/wp-json\/wp\/v2\/users\/1"}],"replies":[{"embeddable":true,"href":"https:\/\/projetosacusticos.com.br\/en\/wp-json\/wp\/v2\/comments?post=917"}],"version-history":[{"count":36,"href":"https:\/\/projetosacusticos.com.br\/en\/wp-json\/wp\/v2\/pages\/917\/revisions"}],"predecessor-version":[{"id":2657,"href":"https:\/\/projetosacusticos.com.br\/en\/wp-json\/wp\/v2\/pages\/917\/revisions\/2657"}],"wp:attachment":[{"href":"https:\/\/projetosacusticos.com.br\/en\/wp-json\/wp\/v2\/media?parent=917"}],"curies":[{"name":"wp","href":"https:\/\/api.w.org\/{rel}","templated":true}]}}