{"id":6,"date":"2015-06-15T09:27:13","date_gmt":"2015-06-15T09:27:13","guid":{"rendered":"http:\/\/wydethemes.com\/flora2\/?page_id=6"},"modified":"2023-01-26T10:37:05","modified_gmt":"2023-01-26T13:37:05","slug":"sobre-a-nabinger","status":"publish","type":"page","link":"https:\/\/projetosacusticos.com.br\/en\/sobre-a-nabinger\/","title":{"rendered":"About Nabinger"},"content":{"rendered":"<div class=\"row vc_custom_1438669324281\">\n<div class=\"col col-12 text-center\"  style>\n    <div class=\"col-inner\"><div class=\"w-custom-heading\">\n    <h2 style=\"font-size: 32px;color: #333333;line-height: 44px;text-align: center;font-family:Montserrat;font-weight:700;font-style:normal\">    About Nabinger    <\/h2><\/div><div class=\"w-space\"  style=\"height:10px\"><\/div><span class=\"w-icon-block w-large w-none\"  style=\"color:#7f6c4c\">\n                        <i class=\"flora-icon-zigzag-1\"><\/i>\n            <\/span><div class=\"w-space\"  style=\"height:20px\"><\/div><div class=\"w-custom-heading vc_custom_1582438229312\">\n    <p style=\"font-size: 24px;color: #999999;line-height: 36px;text-align: center;font-family:Lato;font-weight:300;font-style:normal\">    Graduated from basic education in France and with a master\u2019s degree in civil engineering with emphasis on airport acoustics, the architect evaluated the Noise Zoning Plan (PZR) of Salgado Filho Airport in collaboration with COPPE \u2013 UFRJ. The architect is currently a professor of architectural acoustics in the graduate course at Uniritter Laureate International Universities.<br \/>\nHe worked for many years with acoustic research, which resulted in a total of 8 international publications in acoustic events.<br \/>\nIn 2007, he was one of the special guests at INTERNOISE, the world\u2019s largest acoustic conference, which took place in L\u00eeles, France, to speak in the main hall of the event about his work carried out in the ballistic tunnels of CBC (Brazilian Cartridge Company). This work brought important developments internationally. With the use of innovation, it changed the concepts of acoustic interventions in ballistic tunnels, adapting the concept of Helmholtz-type resonators (present in Greek theaters) to a new type of use, among others accomplishments.<br \/>\nIn 2006, he participated in the elaboration of the Acoustic Performance standard (NBR 15.575) for residential buildings, currently in force throughout the Brazilian territory through the publication \u201cA casa alvorada\u201d, commissioned by the Brazilian government for UFRGS \u2013 NORIE \u2013 Oriented Nucleus for Innovation in Construction.    <\/p><\/div><div class=\"w-space\"  style=\"height:50px\"><\/div><div data-animation=\"fadeInUp\"  class=\"w-image text-center w-animation\"  style>\n        <img decoding=\"async\" src=\"https:\/\/projetosacusticos.com.br\/wp-content\/uploads\/2020\/01\/nabinger-pic.jpg\" alt=\"\" \/>\n    <\/div>\n<\/div><\/div><\/div>\n<div class=\"row w-full no-padding w-v-align w-middle\"  style=\"background-color:#f5f5f5\">\n<div class=\"col col-6 l-padding text-center\"  style>\n    <div class=\"col-inner\"><span class=\"w-icon-block w-large w-none\"  style=\"color:#000000\">\n                        <i class=\"linecons-study\"><\/i>\n            <\/span><div class=\"w-space\"  style=\"height:60px\"><\/div><div class=\"w-heading title-5\">\n     \n    <h2>ACADEMIC GRADUATION \/ TITLES<\/h2>\n        <\/div><div class=\"w-text-block\">\n    <ul>\n<li style=\"text-align: left;\"><strong>2003 &#8211; 2005<\/strong><br \/>\nMaster\u2019s Degree in Civil Engineering.<br \/>\nFederal University of Rio Grande do Sul, UFRGS, Porto Alegre, Brazil Title: MEASUREMENTS OF AERONAUTICAL NOISE WITHIN AREA II OF THE NOISE ZONING SPECIFIC PLAN OF SALGADO FILHO AIRPORT, PORTO ALEGRE \/ RS, Year obtained: 2005 Advisor: Miguel Aloysio Sattler<\/li>\n<li style=\"text-align: left;\"><strong>1995 &#8211; 2001<\/strong><br \/>\nDegree in Architecture and Urbanism.<br \/>\nFaculdades Integradas do Instituto Ritter dos Reis, FAIR, Brazil Title: Bookstore-gallery with coffee bar.<br \/>\nAdvisor: Renato Marques Scholar of: Faculdades Integradas do Instituto Ritter dos Reis<\/li>\n<\/ul>\n<p style=\"text-align: left;\"><strong>COMPLEMENTARY EDUCATION<\/strong><\/p>\n<ul>\n<li style=\"text-align: left;\"><strong>2010<\/strong><br \/>\nMBA in Civil Construction Management.<br \/>\nGetulio Vargas Foundation, FGV, Brazil.<\/li>\n<li style=\"text-align: left;\"><strong>2001 &#8211; 2001<\/strong><br \/>\nUniversity extension in Architecture and Urbanism. Faculdades Integradas do Instituto Ritter dos Reis, FAIR, Brasil.<\/li>\n<\/ul>\n<\/div><\/div><\/div><div class=\"col col-6 no-padding text-center\"  style>\n    <div class=\"col-inner\"><div class=\"w-image text-left w-responsive\"  style>\n    <div style=\"background-image:url('https:\/\/projetosacusticos.com.br\/wp-content\/uploads\/2015\/06\/flora-pic-82.jpg')\"><\/div>    <img decoding=\"async\" src=\"https:\/\/projetosacusticos.com.br\/wp-content\/uploads\/2015\/06\/flora-pic-82.jpg\" alt=\"\" \/>\n    <\/div>\n<\/div><\/div><\/div>\n<div class=\"row w-full no-padding w-v-align w-middle\"  style=\"background-color:#f5f5f5\">\n<div class=\"col col-6 no-padding\"  style>\n    <div class=\"col-inner\"><div class=\"w-image text-left w-responsive\"  style>\n    <div style=\"background-image:url('https:\/\/projetosacusticos.com.br\/wp-content\/uploads\/2020\/01\/VINTAGE_GARAGEBAND-scaled.jpg')\"><\/div>    <img decoding=\"async\" src=\"https:\/\/projetosacusticos.com.br\/wp-content\/uploads\/2020\/01\/VINTAGE_GARAGEBAND-scaled.jpg\" alt=\"\" \/>\n    <\/div>\n<\/div><\/div><div class=\"col col-6 l-padding text-center vc_custom_1581105939921\"  style>\n    <div class=\"col-inner\"><span class=\"w-icon-block w-large w-none\"  style=\"color:#000000\">\n                        <i class=\"etline-megaphone\"><\/i>\n            <\/span><div class=\"w-space\"  style=\"height:60px\"><\/div><div class=\"w-heading title-5\">\n     \n    <h2>WHY HIRE NABINGER PROJETOS AC\u00daSTICOS?<\/h2>\n        <\/div><div class=\"w-text-block\">\n    <p style=\"text-align: left;\">The first step for a correct intervention is to make an acoustic measurement (a decibel meter will not work) following the legislation in force in the municipality. So-called \u201cacoustic\u201d materials do not exist beforehand. All materials are acoustic insulators, the important thing is to find out which material has the lowest cost to achieve the necessary insulation for each case.<\/p>\n<p style=\"text-align: left;\">Many clients come to us after an unsuccessful acoustic intervention. Sellers without the necessary technical qualifications or appropriate technology (prediction software, frequency acoustic measuring devices, etc.) are making the wrong specifications.<\/p>\n<p style=\"text-align: left;\">We are not material sellers! Using acoustic prediction software, we calculate the insulation deficit of each construction system (walls, doors, windows, ceilings, roofs, floors, etc.). After this first approach, we specify the correct material and its quantity within the best cost-benefit for the customer in order to solve their noise problem as required by the municipality.<\/p>\n<\/div><\/div><\/div><\/div>\n<div class=\"row no-padding\"  style=\"background-color:#80d5d8\">\n<div class=\"col col-12\"  style>\n    <div class=\"col-inner\"><div class=\"w-action-box\">\n    <div class=\"w-content\">\n                <h3>DO YOU NEED A CUSTOM DESIGN?<\/h3>\n                        <p>Using acoustic prediction software, we calculate the insulation deficit of each construction system (walls, doors, windows, ceilings, roofs, floors, etc.). After this first approach, we specify the correct material and its quantity within the best cost-benefit for the customer in order to solve their noise problem as required by the municipality.<\/p>\n            <\/div>\n        <div class=\"w-action-button\">\n    <a class=\"w-link-button large\"  style=\"color:#211f1e;border-color:#211f1e;\"  data-hover-color=\"#ffffff\"  href=\"https:\/\/projetosacusticos.com.br\/en\/contato\/\"  title=\"CONTACT\">\n    <span style=\"background-color:#211f1e\"><\/span>\n            CONTACT    <\/a>    <\/div>\n    <\/div>\n\n\n<\/div><\/div><\/div>","protected":false},"excerpt":{"rendered":"Sobre a Nabinger Graduado pelo ensino b\u00e1sico na Fran\u00e7a o hoje Arquiteto e Mestre em engenharia civil com \u00eanfase em ac\u00fastica de aeroportos (Avaliou o Plano de Zoneamento de Ru\u00eddo - PZR do Aeroporto Salgado Filho em com colabora\u00e7\u00e3o da COPPE - UFRJ). O arquiteto hoje \u00e9 professor da disciplina de ac\u00fastica arquitet\u00f4nica no curso [...]","protected":false},"author":1,"featured_media":0,"parent":0,"menu_order":0,"comment_status":"closed","ping_status":"open","template":"","meta":{"footnotes":""},"_links":{"self":[{"href":"https:\/\/projetosacusticos.com.br\/en\/wp-json\/wp\/v2\/pages\/6"}],"collection":[{"href":"https:\/\/projetosacusticos.com.br\/en\/wp-json\/wp\/v2\/pages"}],"about":[{"href":"https:\/\/projetosacusticos.com.br\/en\/wp-json\/wp\/v2\/types\/page"}],"author":[{"embeddable":true,"href":"https:\/\/projetosacusticos.com.br\/en\/wp-json\/wp\/v2\/users\/1"}],"replies":[{"embeddable":true,"href":"https:\/\/projetosacusticos.com.br\/en\/wp-json\/wp\/v2\/comments?post=6"}],"version-history":[{"count":56,"href":"https:\/\/projetosacusticos.com.br\/en\/wp-json\/wp\/v2\/pages\/6\/revisions"}],"predecessor-version":[{"id":2776,"href":"https:\/\/projetosacusticos.com.br\/en\/wp-json\/wp\/v2\/pages\/6\/revisions\/2776"}],"wp:attachment":[{"href":"https:\/\/projetosacusticos.com.br\/en\/wp-json\/wp\/v2\/media?parent=6"}],"curies":[{"name":"wp","href":"https:\/\/api.w.org\/{rel}","templated":true}]}}