{"id":35,"date":"2015-06-15T09:42:48","date_gmt":"2015-06-15T09:42:48","guid":{"rendered":"http:\/\/wydethemes.com\/flora2\/?page_id=35"},"modified":"2020-03-13T20:13:53","modified_gmt":"2020-03-13T23:13:53","slug":"destaques","status":"publish","type":"page","link":"https:\/\/projetosacusticos.com.br\/en\/destaques\/","title":{"rendered":"Highlights"},"content":{"rendered":"<div class=\"row m-padding\">\n<div class=\"col col-12\"  style>\n    <div class=\"col-inner\">      \n<div class=\"w-blog-posts w-large\">\n    <ul class=\"w-view clear\">\n            <li class=\"w-item\">\n        <article id=\"post-531\" class=\"post-531 post type-post status-publish format-standard has-post-thumbnail hentry category-sem-categoria\">\n    \n    <span class=\"meta-date\"> <a href=\"https:\/\/projetosacusticos.com.br\/en\/2020\/01\/09\/\" rel=\"bookmark\"><time class=\"entry-date published\" datetime=\"2020-01-09T07:10:17-03:00\"><strong>09<\/strong><span><em>Jan<\/em><em>2020<\/em><\/span><\/time><time class=\"updated\" datetime=\"2020-03-13T20:23:41-03:00\"><strong>13<\/strong><span><em>Mar<\/em><em>2020<\/em><\/span><\/time><\/a><\/span>    <h3 class=\"post-title entry-title\"><a href=\"https:\/\/projetosacusticos.com.br\/en\/universidade-inaugura-infraestrutura-completa-para-producao-audiovisual\/\" title=\"UNIVERSITY INAUGURATES COMPLETE INFRASTRUCTURE FOR AUDIOVISUAL PRODUCTION\" rel=\"bookmark\">UNIVERSITY INAUGURATES COMPLETE INFRASTRUCTURE FOR AUDIOVISUAL PRODUCTION<\/a><\/h3>        <div class=\"post-media\">\n                    \t        <div>\n                <a href=\"https:\/\/projetosacusticos.com.br\/en\/universidade-inaugura-infraestrutura-completa-para-producao-audiovisual\/\">\n                    <img decoding=\"async\" src=\"https:\/\/projetosacusticos.com.br\/wp-content\/uploads\/2020\/02\/tecna6.jpg\" alt=\"UNIVERSITY INAUGURATES COMPLETE INFRASTRUCTURE FOR AUDIOVISUAL PRODUCTION\" \/>\n                                    <\/a>\n\t        <\/div>\n\t            <\/div>\n        <div class=\"post-meta\">\n                                <div class=\"meta-right\">\n                          \n        <\/div>\n    <\/div>\n    <div class=\"post-summary entry-summary clear\">\n    <p>Nabinger designed, executed and supervised the work of the most modern film studios in Latin America, the Tecna PUCRS (recently used by Netflix and powered by George Lucas\u2019 THX-IMAX). It was possible to certify the rooms with the most advanced acoustic system for movie theaters: the THX system, created by George Lucas. Five movie studios were designed for filming, three mixing rooms, one music recording room, and robust air conditioning systems serving the entire complex. <a href=\"https:\/\/projetosacusticos.com.br\/en\/universidade-inaugura-infraestrutura-completa-para-producao-audiovisual\/\">Leia a mat\u00e9ria na integra<\/a><\/p>\n    <\/div>\n    <\/article>    \n        <\/li>\n            <li class=\"w-item\">\n        <article id=\"post-507\" class=\"post-507 post type-post status-publish format-standard has-post-thumbnail hentry category-sem-categoria\">\n    \n    <span class=\"meta-date\"> <a href=\"https:\/\/projetosacusticos.com.br\/en\/2020\/01\/08\/\" rel=\"bookmark\"><time class=\"entry-date published\" datetime=\"2020-01-08T15:50:26-03:00\"><strong>08<\/strong><span><em>Jan<\/em><em>2020<\/em><\/span><\/time><time class=\"updated\" datetime=\"2020-03-13T20:24:34-03:00\"><strong>13<\/strong><span><em>Mar<\/em><em>2020<\/em><\/span><\/time><\/a><\/span>    <h3 class=\"post-title entry-title\"><a href=\"https:\/\/projetosacusticos.com.br\/en\/gremio-arena\/\" title=\"Gr\u00eamio Arena\" rel=\"bookmark\">Gr\u00eamio Arena<\/a><\/h3>        <div class=\"post-media\">\n                    \t        <div>\n                <a href=\"https:\/\/projetosacusticos.com.br\/en\/gremio-arena\/\">\n                    <img decoding=\"async\" src=\"https:\/\/projetosacusticos.com.br\/wp-content\/uploads\/2015\/05\/arena2.jpg\" alt=\"Gr\u00eamio Arena\" \/>\n                                    <\/a>\n\t        <\/div>\n\t            <\/div>\n        <div class=\"post-meta\">\n                                <div class=\"meta-right\">\n                          \n        <\/div>\n    <\/div>\n    <div class=\"post-summary entry-summary clear\">\n    <p>Nabinger was hired by OAS to carry out the Environmental Impact Report (EIR) and the Environmental Impact Assessment (EIA) for the two Gr\u00eamio stadiums \u2013 OL\u00cdMPICO STADIUM \u2013 Demolition and insertion of a large real estate development containing a hotel, a mall and residential towers. Construction of the ARENA do GR\u00caMIO development containing the new Gr\u00eamio stadium, training center, housing complex with 6 towers, shopping mall, hotel, and parking lots. <a href=\"https:\/\/projetosacusticos.com.br\/en\/gremio-arena\/\">Leia a mat\u00e9ria na integra<\/a><\/p>\n    <\/div>\n    <\/article>    \n        <\/li>\n            <li class=\"w-item\">\n        <article id=\"post-504\" class=\"post-504 post type-post status-publish format-standard has-post-thumbnail hentry category-sem-categoria\">\n    \n    <span class=\"meta-date\"> <a href=\"https:\/\/projetosacusticos.com.br\/en\/2020\/01\/08\/\" rel=\"bookmark\"><time class=\"entry-date published\" datetime=\"2020-01-08T15:46:00-03:00\"><strong>08<\/strong><span><em>Jan<\/em><em>2020<\/em><\/span><\/time><time class=\"updated\" datetime=\"2020-03-13T20:25:00-03:00\"><strong>13<\/strong><span><em>Mar<\/em><em>2020<\/em><\/span><\/time><\/a><\/span>    <h3 class=\"post-title entry-title\"><a href=\"https:\/\/projetosacusticos.com.br\/en\/angola-cables\/\" title=\"Angola Cables\" rel=\"bookmark\">Angola Cables<\/a><\/h3>        <div class=\"post-media\">\n                    \t        <div>\n                <a href=\"https:\/\/projetosacusticos.com.br\/en\/angola-cables\/\">\n                    <img decoding=\"async\" src=\"https:\/\/projetosacusticos.com.br\/wp-content\/uploads\/2020\/02\/angola-cables-960x540.png\" alt=\"Angola Cables\" \/>\n                                    <\/a>\n\t        <\/div>\n\t            <\/div>\n        <div class=\"post-meta\">\n                                <div class=\"meta-right\">\n                          \n        <\/div>\n    <\/div>\n    <div class=\"post-summary entry-summary clear\">\n    <p>Using acoustic prediction and modeling software, the design and execution of acoustic insulation was carried out for two data centers (Monet and Sacs), which operate with fiber optics submerged in the Atlantic Ocean, connecting Fortaleza to Angola and Fortaleza to Miami. With own design and manufacture: we design, supply and install acoustic doors, acoustic attenuators, silencers for generators, including acoustic tips, carrying out all the exhaust ducting for generators enclosed in the external part; we design and execute acoustic barriers and rectangular attenuators to contain condenser noise. <a href=\"https:\/\/projetosacusticos.com.br\/en\/angola-cables\/\">Leia a mat\u00e9ria na integra<\/a><\/p>\n    <\/div>\n    <\/article>    \n        <\/li>\n            <li class=\"w-item\">\n        <article id=\"post-501\" class=\"post-501 post type-post status-publish format-standard has-post-thumbnail hentry category-sem-categoria\">\n    \n    <span class=\"meta-date\"> <a href=\"https:\/\/projetosacusticos.com.br\/en\/2020\/01\/08\/\" rel=\"bookmark\"><time class=\"entry-date published\" datetime=\"2020-01-08T15:13:14-03:00\"><strong>08<\/strong><span><em>Jan<\/em><em>2020<\/em><\/span><\/time><time class=\"updated\" datetime=\"2020-03-13T20:25:24-03:00\"><strong>13<\/strong><span><em>Mar<\/em><em>2020<\/em><\/span><\/time><\/a><\/span>    <h3 class=\"post-title entry-title\"><a href=\"https:\/\/projetosacusticos.com.br\/en\/gjp-hoteis\/\" title=\"GJP Hot\u00e9is\" rel=\"bookmark\">GJP Hot\u00e9is<\/a><\/h3>        <div class=\"post-media\">\n                    \t        <div>\n                <a href=\"https:\/\/projetosacusticos.com.br\/en\/gjp-hoteis\/\">\n                    <img decoding=\"async\" src=\"https:\/\/projetosacusticos.com.br\/wp-content\/uploads\/2020\/02\/GJP-RJ-960x444.jpeg\" alt=\"GJP Hot\u00e9is\" \/>\n                                    <\/a>\n\t        <\/div>\n\t            <\/div>\n        <div class=\"post-meta\">\n                                <div class=\"meta-right\">\n                          \n        <\/div>\n    <\/div>\n    <div class=\"post-summary entry-summary clear\">\n    <p>\u00a0Built especially for the World Cup in Brazil. This is the only hotel in Brazil within the so-called zone 1 of the airport. In this zone, the construction of residential buildings (for sleeping) is not allowed, and the challenge of this project was to perform acoustic insulation that would provide acoustic comfort to users (NBR 10.152) to the detriment of the proximity of the landing and takeoff thresholds of the Gale\u00e3o\u2019s aircraft runways. The solution should also cover a new building technology so that it could be built in time for the World Cup. <a href=\"https:\/\/projetosacusticos.com.br\/en\/gjp-hoteis\/\">Leia a mat\u00e9ria na integra<\/a><\/p>\n    <\/div>\n    <\/article>    \n        <\/li>\n        <\/ul>\n    <\/div><\/div><\/div><\/div>","protected":false},"excerpt":{"rendered":"\u00a0Constru\u00eddo especialmente para a Copa do Mundo do Brasil. Este \u00e9 o \u00fanico hotel no Brasil dentro da chamada zona 1 do aeroporto. Nesta zona n\u00e3o \u00e9 permitida a constru\u00e7\u00e3o de edif\u00edcios de cunho residencial (dormir), o desafio deste projeto foi realizar um isolamento ac\u00fastico que proporcionasse conforto ac\u00fastico aos usu\u00e1rios (NBR 10.152) em detrimento [...]","protected":false},"author":1,"featured_media":0,"parent":0,"menu_order":0,"comment_status":"closed","ping_status":"open","template":"","meta":{"footnotes":""},"_links":{"self":[{"href":"https:\/\/projetosacusticos.com.br\/en\/wp-json\/wp\/v2\/pages\/35"}],"collection":[{"href":"https:\/\/projetosacusticos.com.br\/en\/wp-json\/wp\/v2\/pages"}],"about":[{"href":"https:\/\/projetosacusticos.com.br\/en\/wp-json\/wp\/v2\/types\/page"}],"author":[{"embeddable":true,"href":"https:\/\/projetosacusticos.com.br\/en\/wp-json\/wp\/v2\/users\/1"}],"replies":[{"embeddable":true,"href":"https:\/\/projetosacusticos.com.br\/en\/wp-json\/wp\/v2\/comments?post=35"}],"version-history":[{"count":8,"href":"https:\/\/projetosacusticos.com.br\/en\/wp-json\/wp\/v2\/pages\/35\/revisions"}],"predecessor-version":[{"id":2654,"href":"https:\/\/projetosacusticos.com.br\/en\/wp-json\/wp\/v2\/pages\/35\/revisions\/2654"}],"wp:attachment":[{"href":"https:\/\/projetosacusticos.com.br\/en\/wp-json\/wp\/v2\/media?parent=35"}],"curies":[{"name":"wp","href":"https:\/\/api.w.org\/{rel}","templated":true}]}}